{"id":7,"date":"2025-10-15T11:12:44","date_gmt":"2025-10-15T11:12:44","guid":{"rendered":"https:\/\/biodinamica.org.br\/loja\/cart\/"},"modified":"2025-10-15T15:22:54","modified_gmt":"2025-10-15T15:22:54","slug":"carrinho","status":"publish","type":"page","link":"https:\/\/biodinamica.org.br\/loja\/carrinho\/","title":{"rendered":"Carrinho"},"content":{"rendered":"\n<div data-block-name=\"woocommerce\/cart\" class=\"wp-block-woocommerce-cart alignwide is-loading\">\n<div data-block-name=\"woocommerce\/filled-cart-block\" class=\"wp-block-woocommerce-filled-cart-block\">\n<div data-block-name=\"woocommerce\/cart-items-block\" class=\"wp-block-woocommerce-cart-items-block\">\n<div data-block-name=\"woocommerce\/cart-line-items-block\" class=\"wp-block-woocommerce-cart-line-items-block\"><\/div>\n\n\n<\/div>\n\n\n\n\n<div data-block-name=\"woocommerce\/cart-totals-block\" class=\"wp-block-woocommerce-cart-totals-block\">\n<div data-block-name=\"woocommerce\/cart-order-summary-block\" class=\"wp-block-woocommerce-cart-order-summary-block\">\n<div data-block-name=\"woocommerce\/cart-order-summary-heading-block\" class=\"wp-block-woocommerce-cart-order-summary-heading-block\"><\/div><div data-block-name=\"woocommerce\/cart-order-summary-coupon-form-block\" class=\"wp-block-woocommerce-cart-order-summary-coupon-form-block\"><\/div><div data-block-name=\"woocommerce\/cart-order-summary-totals-block\" class=\"wp-block-woocommerce-cart-order-summary-totals-block\">\n<div data-block-name=\"woocommerce\/cart-order-summary-subtotal-block\" class=\"wp-block-woocommerce-cart-order-summary-subtotal-block\"><\/div>\n<div data-block-name=\"woocommerce\/cart-order-summary-discount-block\" class=\"wp-block-woocommerce-cart-order-summary-discount-block\"><\/div>\n<div data-block-name=\"woocommerce\/cart-order-summary-fee-block\" class=\"wp-block-woocommerce-cart-order-summary-fee-block\"><\/div>\n<div data-block-name=\"woocommerce\/cart-order-summary-shipping-block\" class=\"wp-block-woocommerce-cart-order-summary-shipping-block\"><\/div>\n<div data-block-name=\"woocommerce\/cart-order-summary-taxes-block\" class=\"wp-block-woocommerce-cart-order-summary-taxes-block\"><\/div><\/div>\n<\/div>\n\n\n\n<div data-block-name=\"woocommerce\/cart-express-payment-block\" class=\"wp-block-woocommerce-cart-express-payment-block\"><\/div>\n\n\n\n<div data-block-name=\"woocommerce\/proceed-to-checkout-block\" class=\"wp-block-woocommerce-proceed-to-checkout-block\"><\/div>\n\n\n\n<div data-block-name=\"woocommerce\/cart-accepted-payment-methods-block\" class=\"wp-block-woocommerce-cart-accepted-payment-methods-block\"><\/div>\n<\/div>\n<\/div>\n\n\n\n<div data-block-name=\"woocommerce\/empty-cart-block\" class=\"wp-block-woocommerce-empty-cart-block\">\n<h2 class=\"wp-block-heading has-text-align-center with-empty-cart-icon wc-block-cart__empty-cart__title\">Your cart is currently empty!<\/h2>\n\n\n\n<hr class=\"wp-block-separator has-alpha-channel-opacity is-style-dots\" \/>\n\n\n\n<h2 class=\"wp-block-heading has-text-align-center\">New in store<\/h2>\n\n\n<div data-block-name=\"woocommerce\/product-new\" data-columns=\"4\" data-rows=\"1\" class=\"wc-block-grid wp-block-product-new wp-block-woocommerce-product-new wc-block-product-new has-4-columns\"><ul class=\"wc-block-grid__products\"><li class=\"wc-block-grid__product\">\n\t\t\t\t<a href=\"https:\/\/biodinamica.org.br\/loja\/product\/calendario-de-parede-biodinamico-2026-astronomico-e-agricola\/\" class=\"wc-block-grid__product-link\">\n\t\t\t\t\t<div class=\"wc-block-grid__product-onsale\">\n\t\t\t<span aria-hidden=\"true\">Oferta<\/span>\n\t\t\t<span class=\"screen-reader-text\">Produto em promo\u00e7\u00e3o<\/span>\n\t\t<\/div>\n\t\t\t\t\t<div class=\"wc-block-grid__product-image\"><img decoding=\"async\" width=\"145\" height=\"200\" src=\"https:\/\/biodinamica.org.br\/loja\/wp-content\/uploads\/2025\/11\/Capa-Calendario-de-Parede-pdf.jpg\" class=\"attachment-woocommerce_thumbnail size-woocommerce_thumbnail\" alt=\"Calend\u00e1rio de Parede Biodin\u00e2mico 2026 - Astron\u00f4mico e Agr\u00edcola\" \/><\/div>\n\t\t\t\t\t<div class=\"wc-block-grid__product-title\">Calend\u00e1rio de Parede Biodin\u00e2mico 2026 &#8211; Astron\u00f4mico e Agr\u00edcola<\/div>\n\t\t\t\t<\/a>\n\t\t\t\t<div class=\"wc-block-grid__product-price price\"><del aria-hidden=\"true\"><span class=\"woocommerce-Price-amount amount\"><span class=\"woocommerce-Price-currencySymbol\">&#082;&#036;<\/span>&nbsp;45,00<\/span><\/del> <span class=\"screen-reader-text\">O pre\u00e7o original era: &#082;&#036;&nbsp;45,00.<\/span><ins aria-hidden=\"true\"><span class=\"woocommerce-Price-amount amount\"><span class=\"woocommerce-Price-currencySymbol\">&#082;&#036;<\/span>&nbsp;38,00<\/span><\/ins><span class=\"screen-reader-text\">O pre\u00e7o atual \u00e9: &#082;&#036;&nbsp;38,00.<\/span><\/div>\n\t\t\t\t\n\t\t\t\t<div class=\"wp-block-button wc-block-grid__product-add-to-cart\"><a href=\"\/loja\/wp-json\/wp\/v2\/pages\/7?add-to-cart=485\" aria-label=\"Adicione ao carrinho: &ldquo;Calend\u00e1rio de Parede Biodin\u00e2mico 2026 - Astron\u00f4mico e Agr\u00edcola&rdquo;\" data-quantity=\"1\" data-product_id=\"485\" data-product_sku=\"Calendario de Parede\" data-price=\"38\" rel=\"nofollow\" class=\"wp-block-button__link  add_to_cart_button ajax_add_to_cart\">Adicionar ao carrinho<\/a><\/div>\n\t\t\t<\/li><li class=\"wc-block-grid__product\">\n\t\t\t\t<a href=\"https:\/\/biodinamica.org.br\/loja\/product\/calendario-biodinamico-2026\/\" class=\"wc-block-grid__product-link\">\n\t\t\t\t\t\n\t\t\t\t\t<div class=\"wc-block-grid__product-image\"><img decoding=\"async\" width=\"200\" height=\"200\" src=\"https:\/\/biodinamica.org.br\/loja\/wp-content\/uploads\/2025\/11\/6-200x200.png\" class=\"attachment-woocommerce_thumbnail size-woocommerce_thumbnail\" alt=\"Calend\u00e1rio Biodin\u00e2mico 2026 - Formato Agenda\" srcset=\"https:\/\/biodinamica.org.br\/loja\/wp-content\/uploads\/2025\/11\/6-200x200.png 200w, https:\/\/biodinamica.org.br\/loja\/wp-content\/uploads\/2025\/11\/6-150x150.png 150w, https:\/\/biodinamica.org.br\/loja\/wp-content\/uploads\/2025\/11\/6-100x100.png 100w\" sizes=\"(max-width: 200px) 100vw, 200px\" \/><\/div>\n\t\t\t\t\t<div class=\"wc-block-grid__product-title\">Calend\u00e1rio Biodin\u00e2mico 2026 &#8211; Formato Agenda<\/div>\n\t\t\t\t<\/a>\n\t\t\t\t<div class=\"wc-block-grid__product-price price\"><span class=\"woocommerce-Price-amount amount\"><span class=\"woocommerce-Price-currencySymbol\">&#082;&#036;<\/span>&nbsp;59,00<\/span><\/div>\n\t\t\t\t\n\t\t\t\t<div class=\"wp-block-button wc-block-grid__product-add-to-cart\"><a href=\"https:\/\/biodinamica.org.br\/loja\/product\/calendario-biodinamico-2026\/\" aria-label=\"Leia mais sobre &ldquo;Calend\u00e1rio Biodin\u00e2mico 2026 - Formato Agenda&rdquo;\" data-quantity=\"1\" data-product_id=\"479\" data-product_sku=\"Calendario 2026\" data-price=\"59\" rel=\"nofollow\" class=\"wp-block-button__link  add_to_cart_button\">Leia mais<\/a><\/div>\n\t\t\t<\/li><li class=\"wc-block-grid__product\">\n\t\t\t\t<a href=\"https:\/\/biodinamica.org.br\/loja\/product\/kit-preparado-de-reis\/\" class=\"wc-block-grid__product-link\">\n\t\t\t\t\t\n\t\t\t\t\t<div class=\"wc-block-grid__product-image\"><img decoding=\"async\" width=\"200\" height=\"200\" src=\"https:\/\/biodinamica.org.br\/loja\/wp-content\/uploads\/2025\/11\/PB-de-Reis-200x200.png\" class=\"attachment-woocommerce_thumbnail size-woocommerce_thumbnail\" alt=\"Kit Preparado de Reis\" srcset=\"https:\/\/biodinamica.org.br\/loja\/wp-content\/uploads\/2025\/11\/PB-de-Reis-200x200.png 200w, https:\/\/biodinamica.org.br\/loja\/wp-content\/uploads\/2025\/11\/PB-de-Reis-300x300.png 300w, https:\/\/biodinamica.org.br\/loja\/wp-content\/uploads\/2025\/11\/PB-de-Reis-150x150.png 150w, https:\/\/biodinamica.org.br\/loja\/wp-content\/uploads\/2025\/11\/PB-de-Reis-100x100.png 100w, https:\/\/biodinamica.org.br\/loja\/wp-content\/uploads\/2025\/11\/PB-de-Reis.png 400w\" sizes=\"(max-width: 200px) 100vw, 200px\" \/><\/div>\n\t\t\t\t\t<div class=\"wc-block-grid__product-title\">Kit Preparado de Reis<\/div>\n\t\t\t\t<\/a>\n\t\t\t\t<div class=\"wc-block-grid__product-price price\"><span class=\"woocommerce-Price-amount amount\"><span class=\"woocommerce-Price-currencySymbol\">&#082;&#036;<\/span>&nbsp;65,00<\/span><\/div>\n\t\t\t\t\n\t\t\t\t<div class=\"wp-block-button wc-block-grid__product-add-to-cart\"><a href=\"\/loja\/wp-json\/wp\/v2\/pages\/7?add-to-cart=428\" aria-label=\"Adicione ao carrinho: &ldquo;Kit Preparado de Reis&rdquo;\" data-quantity=\"1\" data-product_id=\"428\" data-product_sku=\"PB Reis\" data-price=\"65\" rel=\"nofollow\" class=\"wp-block-button__link  add_to_cart_button ajax_add_to_cart\">Adicionar ao carrinho<\/a><\/div>\n\t\t\t<\/li><li class=\"wc-block-grid__product\">\n\t\t\t\t<a href=\"https:\/\/biodinamica.org.br\/loja\/product\/507-valeria-preparado-biodinamico\/\" class=\"wc-block-grid__product-link\">\n\t\t\t\t\t\n\t\t\t\t\t<div class=\"wc-block-grid__product-image\"><img loading=\"lazy\" decoding=\"async\" width=\"200\" height=\"200\" src=\"https:\/\/biodinamica.org.br\/loja\/wp-content\/uploads\/2025\/10\/Valeria-200x200.jpg\" class=\"attachment-woocommerce_thumbnail size-woocommerce_thumbnail\" alt=\"507 Valeria - Preparado Biodin\u00e2mico\" srcset=\"https:\/\/biodinamica.org.br\/loja\/wp-content\/uploads\/2025\/10\/Valeria-200x200.jpg 200w, https:\/\/biodinamica.org.br\/loja\/wp-content\/uploads\/2025\/10\/Valeria-300x300.jpg 300w, https:\/\/biodinamica.org.br\/loja\/wp-content\/uploads\/2025\/10\/Valeria-150x150.jpg 150w, https:\/\/biodinamica.org.br\/loja\/wp-content\/uploads\/2025\/10\/Valeria-100x100.jpg 100w, https:\/\/biodinamica.org.br\/loja\/wp-content\/uploads\/2025\/10\/Valeria.jpg 400w\" sizes=\"(max-width: 200px) 100vw, 200px\" \/><\/div>\n\t\t\t\t\t<div class=\"wc-block-grid__product-title\">507 Valeria &#8211; Preparado Biodin\u00e2mico<\/div>\n\t\t\t\t<\/a>\n\t\t\t\t<div class=\"wc-block-grid__product-price price\"><span class=\"woocommerce-Price-amount amount\"><span class=\"woocommerce-Price-currencySymbol\">&#082;&#036;<\/span>&nbsp;25,00<\/span><\/div>\n\t\t\t\t\n\t\t\t\t<div class=\"wp-block-button wc-block-grid__product-add-to-cart\"><a href=\"\/loja\/wp-json\/wp\/v2\/pages\/7?add-to-cart=393\" aria-label=\"Adicione ao carrinho: &ldquo;507 Valeria - Preparado Biodin\u00e2mico&rdquo;\" data-quantity=\"1\" data-product_id=\"393\" data-product_sku=\"507\" data-price=\"25\" rel=\"nofollow\" class=\"wp-block-button__link  add_to_cart_button ajax_add_to_cart\">Adicionar ao carrinho<\/a><\/div>\n\t\t\t<\/li><\/ul><\/div><\/div>\n<\/div>\n","protected":false},"excerpt":{"rendered":"","protected":false},"author":1,"featured_media":0,"parent":0,"menu_order":0,"comment_status":"closed","ping_status":"closed","template":"","meta":{"pagelayer_contact_templates":[],"_pagelayer_content":"","footnotes":""},"class_list":["post-7","page","type-page","status-publish","hentry"],"_links":{"self":[{"href":"https:\/\/biodinamica.org.br\/loja\/wp-json\/wp\/v2\/pages\/7","targetHints":{"allow":["GET"]}}],"collection":[{"href":"https:\/\/biodinamica.org.br\/loja\/wp-json\/wp\/v2\/pages"}],"about":[{"href":"https:\/\/biodinamica.org.br\/loja\/wp-json\/wp\/v2\/types\/page"}],"author":[{"embeddable":true,"href":"https:\/\/biodinamica.org.br\/loja\/wp-json\/wp\/v2\/users\/1"}],"replies":[{"embeddable":true,"href":"https:\/\/biodinamica.org.br\/loja\/wp-json\/wp\/v2\/comments?post=7"}],"version-history":[{"count":1,"href":"https:\/\/biodinamica.org.br\/loja\/wp-json\/wp\/v2\/pages\/7\/revisions"}],"predecessor-version":[{"id":90,"href":"https:\/\/biodinamica.org.br\/loja\/wp-json\/wp\/v2\/pages\/7\/revisions\/90"}],"wp:attachment":[{"href":"https:\/\/biodinamica.org.br\/loja\/wp-json\/wp\/v2\/media?parent=7"}],"curies":[{"name":"wp","href":"https:\/\/api.w.org\/{rel}","templated":true}]}}