{"id":170,"date":"2025-10-15T14:38:50","date_gmt":"2025-10-15T14:38:50","guid":{"rendered":"https:\/\/biodinamica.org.br\/loja\/?post_type=product&#038;p=170"},"modified":"2026-04-08T20:34:11","modified_gmt":"2026-04-08T20:34:11","slug":"a-construcao-de-ecossistemas-aptos-a-vida","status":"publish","type":"product","link":"https:\/\/biodinamica.org.br\/loja\/product\/a-construcao-de-ecossistemas-aptos-a-vida\/","title":{"rendered":"A Constru\u00e7\u00e3o de Ecossistemas Aptos \u00e0 Vida"},"content":{"rendered":"<p>O livro com o t\u00edtulo exato\u00a0<strong>&#8220;A Constru\u00e7\u00e3o de Ecossistemas Aptos \u00e0 Vida&#8221;<\/strong> \u00e9 de autoria de Georg W. Schmidt e aborda a interven\u00e7\u00e3o. Destinado a um p\u00fablico amplo, incluindo educadores, estudantes, gestores ambientais e interessados em sustentabilidade humana em ambientes amea\u00e7ados ou destru\u00eddos.<\/p>\n<p>&nbsp;<\/p>\n","protected":false},"excerpt":{"rendered":"<p>O livro com o t\u00edtulo exato\u00a0<strong>&#8220;A Constru\u00e7\u00e3o de Ecossistemas Aptos \u00e0 Vida&#8221;<\/strong> \u00e9 de autoria de Georg W. Schmidt e aborda a interven\u00e7\u00e3o. Destinado a um p\u00fablico amplo, incluindo educadores, estudantes, gestores ambientais e interessados em sustentabilidade humana em ambientes amea\u00e7ados ou destru\u00eddos.<\/p>\n","protected":false},"featured_media":175,"comment_status":"open","ping_status":"closed","template":"","meta":{"pagelayer_contact_templates":[],"_pagelayer_content":""},"product_brand":[],"product_cat":[36],"product_tag":[],"class_list":{"0":"post-170","1":"product","2":"type-product","3":"status-publish","4":"has-post-thumbnail","6":"product_cat-publicacoes","8":"first","9":"instock","10":"taxable","11":"shipping-taxable","12":"purchasable","13":"product-type-simple"},"_links":{"self":[{"href":"https:\/\/biodinamica.org.br\/loja\/wp-json\/wp\/v2\/product\/170","targetHints":{"allow":["GET"]}}],"collection":[{"href":"https:\/\/biodinamica.org.br\/loja\/wp-json\/wp\/v2\/product"}],"about":[{"href":"https:\/\/biodinamica.org.br\/loja\/wp-json\/wp\/v2\/types\/product"}],"replies":[{"embeddable":true,"href":"https:\/\/biodinamica.org.br\/loja\/wp-json\/wp\/v2\/comments?post=170"}],"wp:featuredmedia":[{"embeddable":true,"href":"https:\/\/biodinamica.org.br\/loja\/wp-json\/wp\/v2\/media\/175"}],"wp:attachment":[{"href":"https:\/\/biodinamica.org.br\/loja\/wp-json\/wp\/v2\/media?parent=170"}],"wp:term":[{"taxonomy":"product_brand","embeddable":true,"href":"https:\/\/biodinamica.org.br\/loja\/wp-json\/wp\/v2\/product_brand?post=170"},{"taxonomy":"product_cat","embeddable":true,"href":"https:\/\/biodinamica.org.br\/loja\/wp-json\/wp\/v2\/product_cat?post=170"},{"taxonomy":"product_tag","embeddable":true,"href":"https:\/\/biodinamica.org.br\/loja\/wp-json\/wp\/v2\/product_tag?post=170"}],"curies":[{"name":"wp","href":"https:\/\/api.w.org\/{rel}","templated":true}]}}