{"id":176,"date":"2025-10-15T14:46:00","date_gmt":"2025-10-15T14:46:00","guid":{"rendered":"https:\/\/biodinamica.org.br\/loja\/?post_type=product&#038;p=176"},"modified":"2026-01-06T17:58:17","modified_gmt":"2026-01-06T17:58:17","slug":"cartilha-de-agricultura-biodinamica-vida-nova-para-a-terra","status":"publish","type":"product","link":"https:\/\/biodinamica.org.br\/loja\/product\/cartilha-de-agricultura-biodinamica-vida-nova-para-a-terra\/","title":{"rendered":"Cartilha de Agricultura Biodin\u00e2mica &#8211; Vida Nova para a Terra"},"content":{"rendered":"<p>Esta cartilha \u00e9 fruto de um antigo sonho da Associa\u00e7\u00e3o Biodin\u00e2mica, de tornar a agricultura biodin\u00e2mica mais acess\u00edvel para o p\u00fablico<br \/>\nda agricultura familiar. Demonstra como utilizar os preparados biodin\u00e2micos. Aborda a import\u00e2ncia de criar um sistema agr\u00edcola autossustent\u00e1vel, onde solo, plantas e animais interagem em harmonia.Esperamos que este material possa ajud\u00e1-lo na transi\u00e7\u00e3o agroecol\u00f3gica.<\/p>\n","protected":false},"excerpt":{"rendered":"<p>Esta cartilha \u00e9 fruto de um antigo sonho da Associa\u00e7\u00e3o Biodin\u00e2mica, de tornar a agricultura biodin\u00e2mica mais acess\u00edvel para o p\u00fablico<br \/>\nda agricultura familiar. Demonstra como utilizar os preparados biodin\u00e2micos. Aborda a import\u00e2ncia de criar um sistema agr\u00edcola autossustent\u00e1vel, onde solo, plantas e animais interagem em harmonia.Esperamos que este material possa ajud\u00e1-lo na transi\u00e7\u00e3o agroecol\u00f3gica.<\/p>\n","protected":false},"featured_media":181,"comment_status":"open","ping_status":"closed","template":"","meta":{"pagelayer_contact_templates":[],"_pagelayer_content":""},"product_brand":[],"product_cat":[36],"product_tag":[],"class_list":{"0":"post-176","1":"product","2":"type-product","3":"status-publish","4":"has-post-thumbnail","6":"product_cat-publicacoes","8":"first","9":"outofstock","10":"taxable","11":"shipping-taxable","12":"purchasable","13":"product-type-simple"},"_links":{"self":[{"href":"https:\/\/biodinamica.org.br\/loja\/wp-json\/wp\/v2\/product\/176","targetHints":{"allow":["GET"]}}],"collection":[{"href":"https:\/\/biodinamica.org.br\/loja\/wp-json\/wp\/v2\/product"}],"about":[{"href":"https:\/\/biodinamica.org.br\/loja\/wp-json\/wp\/v2\/types\/product"}],"replies":[{"embeddable":true,"href":"https:\/\/biodinamica.org.br\/loja\/wp-json\/wp\/v2\/comments?post=176"}],"wp:featuredmedia":[{"embeddable":true,"href":"https:\/\/biodinamica.org.br\/loja\/wp-json\/wp\/v2\/media\/181"}],"wp:attachment":[{"href":"https:\/\/biodinamica.org.br\/loja\/wp-json\/wp\/v2\/media?parent=176"}],"wp:term":[{"taxonomy":"product_brand","embeddable":true,"href":"https:\/\/biodinamica.org.br\/loja\/wp-json\/wp\/v2\/product_brand?post=176"},{"taxonomy":"product_cat","embeddable":true,"href":"https:\/\/biodinamica.org.br\/loja\/wp-json\/wp\/v2\/product_cat?post=176"},{"taxonomy":"product_tag","embeddable":true,"href":"https:\/\/biodinamica.org.br\/loja\/wp-json\/wp\/v2\/product_tag?post=176"}],"curies":[{"name":"wp","href":"https:\/\/api.w.org\/{rel}","templated":true}]}}