{"id":187,"date":"2025-10-15T14:53:12","date_gmt":"2025-10-15T14:53:12","guid":{"rendered":"https:\/\/biodinamica.org.br\/loja\/?post_type=product&#038;p=187"},"modified":"2026-04-15T15:11:33","modified_gmt":"2026-04-15T15:11:33","slug":"rudolf-steiner-e-o-curso-de-agricultura-koberwitz-pentecostes-1924","status":"publish","type":"product","link":"https:\/\/biodinamica.org.br\/loja\/product\/rudolf-steiner-e-o-curso-de-agricultura-koberwitz-pentecostes-1924\/","title":{"rendered":"Rudolf Steiner e o curso de agricultura &#8211; Koberwitz, Pentecostes 1924"},"content":{"rendered":"<p>Aborda a cria\u00e7\u00e3o da agricultura biodin\u00e2mica em 1924, reunindo relatos e coment\u00e1rios sobre o contexto e o conte\u00fado das palestras de Steiner para os agricultores. A obra explora a perda de vitalidade dos solos, plantas e animais da \u00e9poca, a import\u00e2ncia dada por Steiner a esse trabalho e como ele busca proporcionar um novo \u00e2nimo e compreens\u00e3o para a agricultura moderna.<span data-animation-atomic=\"\">\u00a0<\/span><\/p>\n","protected":false},"excerpt":{"rendered":"<p>Aborda a cria\u00e7\u00e3o da agricultura biodin\u00e2mica em 1924, reunindo relatos e coment\u00e1rios sobre o contexto e o conte\u00fado das palestras de Steiner para os agricultores. A obra explora a perda de vitalidade dos solos, plantas e animais da \u00e9poca, a import\u00e2ncia dada por Steiner a esse trabalho e como ele busca proporcionar um novo \u00e2nimo e compreens\u00e3o para a agricultura moderna.<span data-animation-atomic=\"\">\u00a0<\/span><\/p>\n","protected":false},"featured_media":196,"comment_status":"open","ping_status":"closed","template":"","meta":{"pagelayer_contact_templates":[],"_pagelayer_content":""},"product_brand":[],"product_cat":[36],"product_tag":[],"class_list":{"0":"post-187","1":"product","2":"type-product","3":"status-publish","4":"has-post-thumbnail","6":"product_cat-publicacoes","8":"first","9":"instock","10":"taxable","11":"shipping-taxable","12":"purchasable","13":"product-type-simple"},"_links":{"self":[{"href":"https:\/\/biodinamica.org.br\/loja\/wp-json\/wp\/v2\/product\/187","targetHints":{"allow":["GET"]}}],"collection":[{"href":"https:\/\/biodinamica.org.br\/loja\/wp-json\/wp\/v2\/product"}],"about":[{"href":"https:\/\/biodinamica.org.br\/loja\/wp-json\/wp\/v2\/types\/product"}],"replies":[{"embeddable":true,"href":"https:\/\/biodinamica.org.br\/loja\/wp-json\/wp\/v2\/comments?post=187"}],"wp:featuredmedia":[{"embeddable":true,"href":"https:\/\/biodinamica.org.br\/loja\/wp-json\/wp\/v2\/media\/196"}],"wp:attachment":[{"href":"https:\/\/biodinamica.org.br\/loja\/wp-json\/wp\/v2\/media?parent=187"}],"wp:term":[{"taxonomy":"product_brand","embeddable":true,"href":"https:\/\/biodinamica.org.br\/loja\/wp-json\/wp\/v2\/product_brand?post=187"},{"taxonomy":"product_cat","embeddable":true,"href":"https:\/\/biodinamica.org.br\/loja\/wp-json\/wp\/v2\/product_cat?post=187"},{"taxonomy":"product_tag","embeddable":true,"href":"https:\/\/biodinamica.org.br\/loja\/wp-json\/wp\/v2\/product_tag?post=187"}],"curies":[{"name":"wp","href":"https:\/\/api.w.org\/{rel}","templated":true}]}}