{"id":200,"date":"2025-10-15T14:57:24","date_gmt":"2025-10-15T14:57:24","guid":{"rendered":"https:\/\/biodinamica.org.br\/loja\/?post_type=product&#038;p=200"},"modified":"2026-03-11T15:49:46","modified_gmt":"2026-03-11T15:49:46","slug":"o-ser-humano-como-sinfonia-das-forcas-universais","status":"publish","type":"product","link":"https:\/\/biodinamica.org.br\/loja\/product\/o-ser-humano-como-sinfonia-das-forcas-universais\/","title":{"rendered":"O Ser Humano Como Sinfonia Das Forcas Universais"},"content":{"rendered":"<p>O livro\u00a0<em class=\"eujQNb\" data-processed=\"true\">O Ser Humano Como Sinfonia das For\u00e7as Universais<\/em>, de Rudolf Steiner, apresenta a vis\u00e3o da antroposofia sobre o ser humano, que, segundo a obra, \u00e9 mais do que a evolu\u00e7\u00e3o f\u00edsica. O autor argumenta que a vida humana \u00e9 uma complexa e harmoniosa &#8220;sinfonia&#8221; de for\u00e7as espirituais e an\u00edmicas (da alma), al\u00e9m das f\u00edsicas.<\/p>\n","protected":false},"excerpt":{"rendered":"<p>O livro\u00a0<em class=\"eujQNb\" data-processed=\"true\">O Ser Humano Como Sinfonia das For\u00e7as Universais<\/em>, de Rudolf Steiner, apresenta a vis\u00e3o da antroposofia sobre o ser humano, que, segundo a obra, \u00e9 mais do que a evolu\u00e7\u00e3o f\u00edsica. O autor argumenta que a vida humana \u00e9 uma complexa e harmoniosa &#8220;sinfonia&#8221; de for\u00e7as espirituais e an\u00edmicas (da alma), al\u00e9m das f\u00edsicas<\/p>\n","protected":false},"featured_media":213,"comment_status":"open","ping_status":"closed","template":"","meta":{"pagelayer_contact_templates":[],"_pagelayer_content":""},"product_brand":[],"product_cat":[36],"product_tag":[],"class_list":{"0":"post-200","1":"product","2":"type-product","3":"status-publish","4":"has-post-thumbnail","6":"product_cat-publicacoes","8":"first","9":"instock","10":"taxable","11":"shipping-taxable","12":"purchasable","13":"product-type-simple"},"_links":{"self":[{"href":"https:\/\/biodinamica.org.br\/loja\/wp-json\/wp\/v2\/product\/200","targetHints":{"allow":["GET"]}}],"collection":[{"href":"https:\/\/biodinamica.org.br\/loja\/wp-json\/wp\/v2\/product"}],"about":[{"href":"https:\/\/biodinamica.org.br\/loja\/wp-json\/wp\/v2\/types\/product"}],"replies":[{"embeddable":true,"href":"https:\/\/biodinamica.org.br\/loja\/wp-json\/wp\/v2\/comments?post=200"}],"wp:featuredmedia":[{"embeddable":true,"href":"https:\/\/biodinamica.org.br\/loja\/wp-json\/wp\/v2\/media\/213"}],"wp:attachment":[{"href":"https:\/\/biodinamica.org.br\/loja\/wp-json\/wp\/v2\/media?parent=200"}],"wp:term":[{"taxonomy":"product_brand","embeddable":true,"href":"https:\/\/biodinamica.org.br\/loja\/wp-json\/wp\/v2\/product_brand?post=200"},{"taxonomy":"product_cat","embeddable":true,"href":"https:\/\/biodinamica.org.br\/loja\/wp-json\/wp\/v2\/product_cat?post=200"},{"taxonomy":"product_tag","embeddable":true,"href":"https:\/\/biodinamica.org.br\/loja\/wp-json\/wp\/v2\/product_tag?post=200"}],"curies":[{"name":"wp","href":"https:\/\/api.w.org\/{rel}","templated":true}]}}