{"id":214,"date":"2025-10-15T15:03:12","date_gmt":"2025-10-15T15:03:12","guid":{"rendered":"https:\/\/biodinamica.org.br\/loja\/?post_type=product&#038;p=214"},"modified":"2026-02-10T00:08:51","modified_gmt":"2026-02-10T00:08:51","slug":"principios-dos-preparados-biodinamicos-de-aspersao-e-de-composto","status":"publish","type":"product","link":"https:\/\/biodinamica.org.br\/loja\/product\/principios-dos-preparados-biodinamicos-de-aspersao-e-de-composto\/","title":{"rendered":"Princ\u00edpios dos preparados biodin\u00e2micos de aspers\u00e3o e de composto"},"content":{"rendered":"<p>O livro \u00e9 &#8220;Princ\u00edpios dos preparados biodin\u00e2micos de aspers\u00e3o e de composto&#8221;, de autoria de\u00a0Manfred Klett. Ele detalha a elabora\u00e7\u00e3o e o uso dos preparados para compostagem (como 502, 503, 504, 505, 506 e 507) e aspers\u00e3o (como o de chifre-esterco e chifre-s\u00edlica). O livro aborda tanto os aspectos pr\u00e1ticos quanto a filosofia por tr\u00e1s da agricultura biodin\u00e2mica.<span data-animation-atomic=\"\"><span data-wiz-uids=\"R0Qtmb_g,R0Qtmb_h\" aria-hidden=\"true\">\u00a0<\/span><\/span><\/p>\n","protected":false},"excerpt":{"rendered":"<p>O livro \u00e9 &#8220;Princ\u00edpios dos preparados biodin\u00e2micos de aspers\u00e3o e de composto&#8221;, de autoria de\u00a0Manfred Klett. Ele detalha a elabora\u00e7\u00e3o e o uso dos preparados para compostagem (como 502, 503, 504, 505, 506 e 507) e aspers\u00e3o (como o de chifre-esterco e chifre-s\u00edlica). O livro aborda tanto os aspectos pr\u00e1ticos quanto a filosofia por tr\u00e1s [&hellip;]<\/p>\n","protected":false},"featured_media":218,"comment_status":"open","ping_status":"closed","template":"","meta":{"pagelayer_contact_templates":[],"_pagelayer_content":""},"product_brand":[],"product_cat":[36],"product_tag":[],"class_list":{"0":"post-214","1":"product","2":"type-product","3":"status-publish","4":"has-post-thumbnail","6":"product_cat-publicacoes","8":"first","9":"outofstock","10":"taxable","11":"shipping-taxable","12":"purchasable","13":"product-type-simple"},"_links":{"self":[{"href":"https:\/\/biodinamica.org.br\/loja\/wp-json\/wp\/v2\/product\/214","targetHints":{"allow":["GET"]}}],"collection":[{"href":"https:\/\/biodinamica.org.br\/loja\/wp-json\/wp\/v2\/product"}],"about":[{"href":"https:\/\/biodinamica.org.br\/loja\/wp-json\/wp\/v2\/types\/product"}],"replies":[{"embeddable":true,"href":"https:\/\/biodinamica.org.br\/loja\/wp-json\/wp\/v2\/comments?post=214"}],"wp:featuredmedia":[{"embeddable":true,"href":"https:\/\/biodinamica.org.br\/loja\/wp-json\/wp\/v2\/media\/218"}],"wp:attachment":[{"href":"https:\/\/biodinamica.org.br\/loja\/wp-json\/wp\/v2\/media?parent=214"}],"wp:term":[{"taxonomy":"product_brand","embeddable":true,"href":"https:\/\/biodinamica.org.br\/loja\/wp-json\/wp\/v2\/product_brand?post=214"},{"taxonomy":"product_cat","embeddable":true,"href":"https:\/\/biodinamica.org.br\/loja\/wp-json\/wp\/v2\/product_cat?post=214"},{"taxonomy":"product_tag","embeddable":true,"href":"https:\/\/biodinamica.org.br\/loja\/wp-json\/wp\/v2\/product_tag?post=214"}],"curies":[{"name":"wp","href":"https:\/\/api.w.org\/{rel}","templated":true}]}}