{"id":221,"date":"2025-10-15T15:13:30","date_gmt":"2025-10-15T15:13:30","guid":{"rendered":"https:\/\/biodinamica.org.br\/loja\/?post_type=product&#038;p=221"},"modified":"2026-03-18T13:09:35","modified_gmt":"2026-03-18T13:09:35","slug":"a-atuacao-dos-planetas-e-os-processos-vitais-no-ser-humano-e-na-terra-bernard-lievegoed","status":"publish","type":"product","link":"https:\/\/biodinamica.org.br\/loja\/product\/a-atuacao-dos-planetas-e-os-processos-vitais-no-ser-humano-e-na-terra-bernard-lievegoed\/","title":{"rendered":"A Atua\u00e7\u00e3o dos Planetas e os Processos Vitais no Ser Humano e na Terra &#8211; Bernard Lievegoed"},"content":{"rendered":"<p class=\"font_8 wixui-rich-text__text\">Publicado originalmente em julho de 1950, este livro explora os preparados biodin\u00e2micos e sua rela\u00e7\u00e3o com as for\u00e7as planet\u00e1rias. O pref\u00e1cio ressalta que \u00e9 a primeira iniciativa para compreender a influ\u00eancia desses preparados e incentiva o debate entre agricultores e m\u00e9dicos.<br class=\"wixui-rich-text__text\" \/><br class=\"wixui-rich-text__text\" \/>Na edi\u00e7\u00e3o de julho de 1951, o livro foi voltado para os agricultores, com o objetivo de familiariz\u00e1-los com os preparados biodin\u00e2micos durante a Confer\u00eancia do C\u00edrculo Experimental de Agricultores Antropos\u00f3ficos.<br class=\"wixui-rich-text__text\" \/><br class=\"wixui-rich-text__text\" \/>A obra oferece uma an\u00e1lise detalhada dos efeitos dos planetas e da atua\u00e7\u00e3o dos preparados, apresentando uma vis\u00e3o aprofundada das rela\u00e7\u00f5es entre plantas, animais, solo, meteorologia e fisiologia humana. Em tempos atuais, a agricultura biodin\u00e2mica amplia nossa compreens\u00e3o e transforma nossa vis\u00e3o de mundo, promovendo uma atua\u00e7\u00e3o mais consciente.<\/p>\n<p class=\"font_8 wixui-rich-text__text\"><span class=\"wixui-rich-text__text\">\u200b<\/span><\/p>\n","protected":false},"excerpt":{"rendered":"<p>Publicado originalmente em julho de 1950, este livro explora os preparados biodin\u00e2micos e sua rela\u00e7\u00e3o com as for\u00e7as planet\u00e1rias. O pref\u00e1cio ressalta que \u00e9 a primeira iniciativa para compreender a influ\u00eancia desses preparados e incentiva o debate entre agricultores e m\u00e9dicos.Na edi\u00e7\u00e3o de julho de 1951, o livro foi voltado para os agricultores, com o [&hellip;]<\/p>\n","protected":false},"featured_media":224,"comment_status":"open","ping_status":"closed","template":"","meta":{"pagelayer_contact_templates":[],"_pagelayer_content":""},"product_brand":[],"product_cat":[36],"product_tag":[],"class_list":{"0":"post-221","1":"product","2":"type-product","3":"status-publish","4":"has-post-thumbnail","6":"product_cat-publicacoes","8":"first","9":"instock","10":"taxable","11":"shipping-taxable","12":"purchasable","13":"product-type-simple"},"_links":{"self":[{"href":"https:\/\/biodinamica.org.br\/loja\/wp-json\/wp\/v2\/product\/221","targetHints":{"allow":["GET"]}}],"collection":[{"href":"https:\/\/biodinamica.org.br\/loja\/wp-json\/wp\/v2\/product"}],"about":[{"href":"https:\/\/biodinamica.org.br\/loja\/wp-json\/wp\/v2\/types\/product"}],"replies":[{"embeddable":true,"href":"https:\/\/biodinamica.org.br\/loja\/wp-json\/wp\/v2\/comments?post=221"}],"wp:featuredmedia":[{"embeddable":true,"href":"https:\/\/biodinamica.org.br\/loja\/wp-json\/wp\/v2\/media\/224"}],"wp:attachment":[{"href":"https:\/\/biodinamica.org.br\/loja\/wp-json\/wp\/v2\/media?parent=221"}],"wp:term":[{"taxonomy":"product_brand","embeddable":true,"href":"https:\/\/biodinamica.org.br\/loja\/wp-json\/wp\/v2\/product_brand?post=221"},{"taxonomy":"product_cat","embeddable":true,"href":"https:\/\/biodinamica.org.br\/loja\/wp-json\/wp\/v2\/product_cat?post=221"},{"taxonomy":"product_tag","embeddable":true,"href":"https:\/\/biodinamica.org.br\/loja\/wp-json\/wp\/v2\/product_tag?post=221"}],"curies":[{"name":"wp","href":"https:\/\/api.w.org\/{rel}","templated":true}]}}