{"id":232,"date":"2025-10-15T15:24:24","date_gmt":"2025-10-15T15:24:24","guid":{"rendered":"https:\/\/biodinamica.org.br\/loja\/?post_type=product&#038;p=232"},"modified":"2026-04-16T00:37:30","modified_gmt":"2026-04-16T00:37:30","slug":"232","status":"publish","type":"product","link":"https:\/\/biodinamica.org.br\/loja\/product\/232\/","title":{"rendered":"Abelhas Apicultura a partir do respeito pela vida &#8211; Rudolf Steiner"},"content":{"rendered":"<p>\u00c9 um livro que aborda a rela\u00e7\u00e3o entre abelhas e agricultura a partir de uma abordagem respeitosa e sustent\u00e1vel.Essa obra, que trata da apicultura biodin\u00e2mica, considera a colmeia como um organismo \u00fanico e prop\u00f5e um manejo que respeita a natureza e o ciclo de vida das abelhas.<span class=\"uJ19be notranslate\" data-wiz-uids=\"MhzoSc_g,MhzoSc_h\" data-processed=\"true\"><span class=\"vKEkVd\" data-animation-atomic=\"\" data-processed=\"true\">\u00a0<\/span><\/span><\/p>\n","protected":false},"excerpt":{"rendered":"<p>\u00c9 um livro que aborda a rela\u00e7\u00e3o entre abelhas e agricultura a partir de uma abordagem respeitosa e sustent\u00e1vel.Essa obra, que trata da apicultura biodin\u00e2mica, considera a colmeia como um organismo \u00fanico e prop\u00f5e um manejo que respeita a natureza e o ciclo de vida das abelhas.<span class=\"uJ19be notranslate\" data-wiz-uids=\"MhzoSc_g,MhzoSc_h\" data-processed=\"true\"><span class=\"vKEkVd\" data-animation-atomic=\"\" data-processed=\"true\">\u00a0<\/span><\/span><\/p>\n","protected":false},"featured_media":236,"comment_status":"open","ping_status":"closed","template":"","meta":{"pagelayer_contact_templates":[],"_pagelayer_content":""},"product_brand":[],"product_cat":[36],"product_tag":[],"class_list":{"0":"post-232","1":"product","2":"type-product","3":"status-publish","4":"has-post-thumbnail","6":"product_cat-publicacoes","8":"first","9":"instock","10":"taxable","11":"shipping-taxable","12":"purchasable","13":"product-type-simple"},"_links":{"self":[{"href":"https:\/\/biodinamica.org.br\/loja\/wp-json\/wp\/v2\/product\/232","targetHints":{"allow":["GET"]}}],"collection":[{"href":"https:\/\/biodinamica.org.br\/loja\/wp-json\/wp\/v2\/product"}],"about":[{"href":"https:\/\/biodinamica.org.br\/loja\/wp-json\/wp\/v2\/types\/product"}],"replies":[{"embeddable":true,"href":"https:\/\/biodinamica.org.br\/loja\/wp-json\/wp\/v2\/comments?post=232"}],"wp:featuredmedia":[{"embeddable":true,"href":"https:\/\/biodinamica.org.br\/loja\/wp-json\/wp\/v2\/media\/236"}],"wp:attachment":[{"href":"https:\/\/biodinamica.org.br\/loja\/wp-json\/wp\/v2\/media?parent=232"}],"wp:term":[{"taxonomy":"product_brand","embeddable":true,"href":"https:\/\/biodinamica.org.br\/loja\/wp-json\/wp\/v2\/product_brand?post=232"},{"taxonomy":"product_cat","embeddable":true,"href":"https:\/\/biodinamica.org.br\/loja\/wp-json\/wp\/v2\/product_cat?post=232"},{"taxonomy":"product_tag","embeddable":true,"href":"https:\/\/biodinamica.org.br\/loja\/wp-json\/wp\/v2\/product_tag?post=232"}],"curies":[{"name":"wp","href":"https:\/\/api.w.org\/{rel}","templated":true}]}}