{"id":247,"date":"2025-10-15T15:42:48","date_gmt":"2025-10-15T15:42:48","guid":{"rendered":"https:\/\/biodinamica.org.br\/loja\/?post_type=product&#038;p=247"},"modified":"2026-04-13T12:48:32","modified_gmt":"2026-04-13T12:48:32","slug":"kit-para-composto-502-ao-507-preparado-biodinamico","status":"publish","type":"product","link":"https:\/\/biodinamica.org.br\/loja\/product\/kit-para-composto-502-ao-507-preparado-biodinamico\/","title":{"rendered":"Kit para composto (502 ao 507) &#8211; Preparado Biodin\u00e2mico"},"content":{"rendered":"<p>Os seis preparados elaborados a partir das plantas medicinais mil-folhas (502), camomila (503), urtiga (504), casca de carvalho (505), dente-de-le\u00e3o (506) e valeriana (507), servem como suplemento ao composto, esterco, chorume e biofertilizante,\u00a0conduzindo e organizando os processos de fermenta\u00e7\u00e3o e decomposi\u00e7\u00e3o. Por meio do composto preparado, eles colocam as plantas em uma condi\u00e7\u00e3o na qual as for\u00e7as do Cosmo sejam mais atuantes.<\/p>\n<p><img decoding=\"async\" src=\"https:\/\/static.wixstatic.com\/media\/b74209_35167a1b4b51422d96bf267dd6a055e6~mv2.png\/v1\/fill\/w_460,h_276,al_c,q_85,usm_0.66_1.00_0.01,enc_avif,quality_auto\/502-507.png\" alt=\"502-507.png\" \/><br \/>\nFICHA T\u00c9CNICA PREPARADOS DE COMPOSTO (502 AO 507)<br \/>\nUtiliza\u00e7\u00e3o:<br \/>\nEstes preparados devem ser utilizados em conjunto nas pilhas de compostagem.<br \/>\nCada preparado tem uma fun\u00e7\u00e3o espec\u00edfica, mas de forma geral os 6 preparados<br \/>\nbeneficiam o composto, aumentando o tempo de disponibilidade de nutrientes e compostos<br \/>\norg\u00e2nicos que aumentam a resist\u00eancia das plantas.<br \/>\nComposi\u00e7\u00e3o:<br \/>\nO preparado 502 &#8211; \u00e9 feito de mil folhas (Achillea millefolium) e bexiga de veado. Enterrado<br \/>\nno outono.<br \/>\nO preparado 503 &#8211; \u00e9 feito de camomila (Matricaria recutita) e tripa de vaca, enterrado no<br \/>\noutono.<br \/>\nO preparado 504 &#8211; \u00e9 feito apenas de urtiga (Urtica dioica). enterrado no outono.<br \/>\nO preparado 505 &#8211; \u00e9 feito de casca de carvalho (Quercus robur) imerso em \u00e1gua dentro de<br \/>\numa cabe\u00e7a bovina. Enterrado no outono.<br \/>\nO preparado 506 &#8211; \u00e9 feito das flores de dente de le\u00e3o envoltas em um mesent\u00e9rio<br \/>\nbovino.Enterrado no outono.<br \/>\nO preparado 507 &#8211; \u00e9 feito a partir do extrato das flores de valeriana (Valeriana officinalis),<br \/>\neste preparado n\u00e3o \u00e9 enterrado.<\/p>\n<p>1 kit para 10 m3 de composto (aprox. 10 toneladas).<\/p>\n","protected":false},"excerpt":{"rendered":"<p>FICHA T\u00c9CNICA PREPARADOS DE COMPOSTO (502 AO 507)<br \/>\nUtiliza\u00e7\u00e3o:<br \/>\nEstes preparados devem ser utilizados em conjunto nas pilhas de compostagem. Cada preparado tem uma fun\u00e7\u00e3o espec\u00edfica, mas de forma geral os 6 preparados beneficiam o composto, aumentando o tempo de disponibilidade de nutrientes e compostos<br \/>\norg\u00e2nicos que aumentam a resist\u00eancia das plantas.<\/p>\n<p>Composi\u00e7\u00e3o:<br \/>\nO preparado 502 &#8211; \u00e9 feito de mil folhas (Achillea millefolium) e bexiga de veado. Enterrado<br \/>\nno outono.<br \/>\nO preparado 503 &#8211; \u00e9 feito de camomila (Matricaria recutita) e tripa de vaca, enterrado no<br \/>\noutono.<br \/>\nO preparado 504 &#8211; \u00e9 feito apenas de urtiga (Urtica dioica). enterrado no outono.<br \/>\nO preparado 505 &#8211; \u00e9 feito de casca de carvalho (Quercus robur) imerso em \u00e1gua dentro de<br \/>\numa cabe\u00e7a bovina. Enterrado no outono.<br \/>\nO preparado 506 &#8211; \u00e9 feito das flores de dente de le\u00e3o envoltas em um mesent\u00e9rio<br \/>\nbovino.Enterrado no outono.<br \/>\nO preparado 507 &#8211; \u00e9 feito a partir do extrato das flores de valeriana (Valeriana officinalis),<br \/>\neste preparado n\u00e3o \u00e9 enterrado.<\/p>\n","protected":false},"featured_media":250,"comment_status":"open","ping_status":"closed","template":"","meta":{"pagelayer_contact_templates":[],"_pagelayer_content":""},"product_brand":[],"product_cat":[37],"product_tag":[],"class_list":{"0":"post-247","1":"product","2":"type-product","3":"status-publish","4":"has-post-thumbnail","6":"product_cat-preparados-biodinamicos","8":"first","9":"instock","10":"taxable","11":"shipping-taxable","12":"purchasable","13":"product-type-simple"},"_links":{"self":[{"href":"https:\/\/biodinamica.org.br\/loja\/wp-json\/wp\/v2\/product\/247","targetHints":{"allow":["GET"]}}],"collection":[{"href":"https:\/\/biodinamica.org.br\/loja\/wp-json\/wp\/v2\/product"}],"about":[{"href":"https:\/\/biodinamica.org.br\/loja\/wp-json\/wp\/v2\/types\/product"}],"replies":[{"embeddable":true,"href":"https:\/\/biodinamica.org.br\/loja\/wp-json\/wp\/v2\/comments?post=247"}],"wp:featuredmedia":[{"embeddable":true,"href":"https:\/\/biodinamica.org.br\/loja\/wp-json\/wp\/v2\/media\/250"}],"wp:attachment":[{"href":"https:\/\/biodinamica.org.br\/loja\/wp-json\/wp\/v2\/media?parent=247"}],"wp:term":[{"taxonomy":"product_brand","embeddable":true,"href":"https:\/\/biodinamica.org.br\/loja\/wp-json\/wp\/v2\/product_brand?post=247"},{"taxonomy":"product_cat","embeddable":true,"href":"https:\/\/biodinamica.org.br\/loja\/wp-json\/wp\/v2\/product_cat?post=247"},{"taxonomy":"product_tag","embeddable":true,"href":"https:\/\/biodinamica.org.br\/loja\/wp-json\/wp\/v2\/product_tag?post=247"}],"curies":[{"name":"wp","href":"https:\/\/api.w.org\/{rel}","templated":true}]}}