{"id":251,"date":"2025-10-15T15:48:13","date_gmt":"2025-10-15T15:48:13","guid":{"rendered":"https:\/\/biodinamica.org.br\/loja\/?post_type=product&#038;p=251"},"modified":"2026-04-06T12:10:11","modified_gmt":"2026-04-06T12:10:11","slug":"fladen-preparado-bidinamico","status":"publish","type":"product","link":"https:\/\/biodinamica.org.br\/loja\/product\/fladen-preparado-bidinamico\/","title":{"rendered":"Fladen &#8211; Preparado Bidin\u00e2mico"},"content":{"rendered":"<p>Outra forma de uso dos preparados de composto \u00e9 atrav\u00e9s do Fladen. Este \u201cpreparado acess\u00f3rio\u201d foi elaborado posteriormente a Rudolf Steiner inspirado em uma pr\u00e1tica a muito utilizada pelos agricultores europeus.\u00a0Este preparado \u00e9 elaborado com esterco fresco consistente e bem formado misturado a p\u00f3 de basalto e cascas de ovos trituradas e aplicam-se os preparados. Este preparado \u00e9 elaborado com esterco fresco consistente e bem formado misturado a p\u00f3 de basalto e cascas de ovos trituradas e aplicam-se os preparados. Direciona-se a \u201ccompostagem laminar\u201d trazendo as for\u00e7as dos preparados para compostagem no local de aplica\u00e7\u00e3o.<\/p>\n<p><img decoding=\"async\" src=\"https:\/\/static.wixstatic.com\/media\/b74209_0d8ab33d71c045799c83d201f0145640~mv2.png\/v1\/fill\/w_460,h_277,al_c,q_85,usm_0.66_1.00_0.01,enc_avif,quality_auto\/Fladen.png\" alt=\"Fladen.png\" \/><\/p>\n<p>Composi\u00e7\u00e3o dos Preparados Biodin\u00e2micos Fladen: Esterco de vaca, casca de ovo, p\u00f3 de rocha .Colocados em um buraco com os preparados de composto durante 4 meses.<\/p>\n<p>Dose para 1 hectare.<\/p>\n","protected":false},"excerpt":{"rendered":"<p>\u00c9 uma forma de levar as informa\u00e7\u00f5es dos preparados de composto para \u00e1reas onde n\u00e3o se usa composto.<\/p>\n<p>Composi\u00e7\u00e3o dos Preparados Biodin\u00e2micos Fladen: Esterco de vaca, casca de ovo, p\u00f3 de rocha .Colocados em um buraco com os preparados de composto durante 4 meses.<\/p>\n","protected":false},"featured_media":254,"comment_status":"open","ping_status":"closed","template":"","meta":{"pagelayer_contact_templates":[],"_pagelayer_content":""},"product_brand":[],"product_cat":[37],"product_tag":[],"class_list":{"0":"post-251","1":"product","2":"type-product","3":"status-publish","4":"has-post-thumbnail","6":"product_cat-preparados-biodinamicos","8":"first","9":"outofstock","10":"taxable","11":"shipping-taxable","12":"purchasable","13":"product-type-simple"},"_links":{"self":[{"href":"https:\/\/biodinamica.org.br\/loja\/wp-json\/wp\/v2\/product\/251","targetHints":{"allow":["GET"]}}],"collection":[{"href":"https:\/\/biodinamica.org.br\/loja\/wp-json\/wp\/v2\/product"}],"about":[{"href":"https:\/\/biodinamica.org.br\/loja\/wp-json\/wp\/v2\/types\/product"}],"replies":[{"embeddable":true,"href":"https:\/\/biodinamica.org.br\/loja\/wp-json\/wp\/v2\/comments?post=251"}],"wp:featuredmedia":[{"embeddable":true,"href":"https:\/\/biodinamica.org.br\/loja\/wp-json\/wp\/v2\/media\/254"}],"wp:attachment":[{"href":"https:\/\/biodinamica.org.br\/loja\/wp-json\/wp\/v2\/media?parent=251"}],"wp:term":[{"taxonomy":"product_brand","embeddable":true,"href":"https:\/\/biodinamica.org.br\/loja\/wp-json\/wp\/v2\/product_brand?post=251"},{"taxonomy":"product_cat","embeddable":true,"href":"https:\/\/biodinamica.org.br\/loja\/wp-json\/wp\/v2\/product_cat?post=251"},{"taxonomy":"product_tag","embeddable":true,"href":"https:\/\/biodinamica.org.br\/loja\/wp-json\/wp\/v2\/product_tag?post=251"}],"curies":[{"name":"wp","href":"https:\/\/api.w.org\/{rel}","templated":true}]}}