{"id":258,"date":"2025-10-15T15:52:05","date_gmt":"2025-10-15T15:52:05","guid":{"rendered":"https:\/\/biodinamica.org.br\/loja\/?post_type=product&#038;p=258"},"modified":"2026-04-23T12:32:41","modified_gmt":"2026-04-23T12:32:41","slug":"preparado-biodinamico-501-chifre-silica","status":"publish","type":"product","link":"https:\/\/biodinamica.org.br\/loja\/product\/preparado-biodinamico-501-chifre-silica\/","title":{"rendered":"501 (chifre-s\u00edlica) &#8211; Preparado Biodin\u00e2mico"},"content":{"rendered":"<p>Chifre-s\u00edlica (501): Este preparado deixa a planta mais forte e ajuda o florescimento e a frutifica\u00e7\u00e3o, trazendo sabor para os frutos e<br \/>\nqualidade para as sementes.<\/p>\n<p>Este \u00e9 o \u201cpreparado da Luz\u201d que atua trazendo for\u00e7as da periferia c\u00f3smica e intensificando a atua\u00e7\u00e3o da luz solar. Este preparado \u00e9 essencial para a estrutura\u00e7\u00e3o interna das plantas e seu desenvolvimento assim como para a qualidade nutritiva das plantas e para a resist\u00eancia a doen\u00e7as.<\/p>\n<p><img decoding=\"async\" src=\"https:\/\/static.wixstatic.com\/media\/b74209_4f8eefe45e4e41fcb44eecd27bd580ed~mv2.png\/v1\/fill\/w_430,h_258,al_c,lg_1,q_85,enc_avif,quality_auto\/Chifre-S%C3%ADlica-(501)-5x3.png\" alt=\"Chifre-S\u00edlica-(501)-5x3.png\" \/><\/p>\n<p>Composi\u00e7\u00e3o dos Preparados Biodin\u00e2micos: 501 &#8211; Chifre de vaca e quartzo mo\u00eddo.<\/p>\n<p>Ficha T\u00e9cnica do Preparado Biodin\u00e2mico Chifre-S\u00edlica (501)<br \/>\nO preparado Chifre-S\u00edlica \u00e9 o \u201cpreparado da Luz\u201d. \u00c9 essencial para a estrutura\u00e7\u00e3o interna das plantas e seu desenvolvimento. Favorece a resist\u00eancia das plantas as doen\u00e7as, aumenta a qualidade nutritiva dos alimentos e intensifica as propriedades organol\u00e9pticas de sabor e aroma.<br \/>\nMaterial utilizado e forma de fabrica\u00e7\u00e3o.<br \/>\nO preparado chifre-s\u00edlica \u00e9 produzido atrav\u00e9s de cristais de quartzo (s\u00edlica) mo\u00eddos finamente, at\u00e9 o ponto de um p\u00f3 fino e colocados em chifres de vaca que ser\u00e3o enterrados no ver\u00e3o e desenterrados no outono.<br \/>\nForma de aplica\u00e7\u00e3o:<br \/>\nDeve ser aplicado, pela manh\u00e3, perto do amanhecer, quando o orvalho ainda estiver presente, \u00e0 alta press\u00e3o, como uma n\u00e9voa fina, dirigida para cima para que caia sobre as folhagens.<br \/>\nDeve ser dinamizado durante uma hora antes da aplica\u00e7\u00e3o e aplicado no m\u00e1ximo duas horas ap\u00f3s o termino da dinamiza\u00e7\u00e3o.<br \/>\nQuantidade usada:<br \/>\n1 dose 1 hectare, dinamizados em 50 litros de \u00e1gua.<\/p>\n","protected":false},"excerpt":{"rendered":"<p>Chifre-s\u00edlica (501): Este preparado deixa a planta mais forte e ajuda o florescimento e a frutifica\u00e7\u00e3o, trazendo sabor para os frutos e<br \/>\nqualidade para as sementes.<\/p>\n<p>Composi\u00e7\u00e3o dos Preparados Biodin\u00e2micos: 501 &#8211; Chifre de vaca e quartzo mo\u00eddo.<\/p>\n<p>Ficha T\u00e9cnica do Preparado Biodin\u00e2mico Chifre-S\u00edlica (501)<br \/>\nO preparado Chifre-S\u00edlica \u00e9 o \u201cpreparado da Luz\u201d. \u00c9 essencial para a estrutura\u00e7\u00e3o interna das plantas e seu desenvolvimento. Favorece a resist\u00eancia das plantas as doen\u00e7as, aumenta a qualidade nutritiva dos alimentos e intensifica as propriedades organol\u00e9pticas de sabor e aroma.<br \/>\nMaterial utilizado e forma de fabrica\u00e7\u00e3o.<br \/>\nO preparado chifre-s\u00edlica \u00e9 produzido atrav\u00e9s de cristais de quartzo (s\u00edlica) mo\u00eddos finamente, at\u00e9 o ponto de um p\u00f3 fino e colocados em chifres de vaca que ser\u00e3o enterrados no ver\u00e3o e desenterrados no outono.<br \/>\nForma de aplica\u00e7\u00e3o:<br \/>\nDeve ser aplicado, pela manh\u00e3, perto do amanhecer, quando o orvalho ainda estiver presente, \u00e0 alta press\u00e3o, como uma n\u00e9voa fina, dirigida para cima para que caia sobre as folhagens.<br \/>\nDeve ser dinamizado durante uma hora antes da aplica\u00e7\u00e3o e aplicado no m\u00e1ximo duas horas ap\u00f3s o termino da dinamiza\u00e7\u00e3o.<br \/>\nQuantidade usada:<br \/>\n4 gramas\/h\u00e1, dinamizados em 50 litros de \u00e1gua.<\/p>\n","protected":false},"featured_media":261,"comment_status":"open","ping_status":"closed","template":"","meta":{"pagelayer_contact_templates":[],"_pagelayer_content":""},"product_brand":[],"product_cat":[37],"product_tag":[],"class_list":{"0":"post-258","1":"product","2":"type-product","3":"status-publish","4":"has-post-thumbnail","6":"product_cat-preparados-biodinamicos","8":"first","9":"instock","10":"taxable","11":"shipping-taxable","12":"purchasable","13":"product-type-simple"},"_links":{"self":[{"href":"https:\/\/biodinamica.org.br\/loja\/wp-json\/wp\/v2\/product\/258","targetHints":{"allow":["GET"]}}],"collection":[{"href":"https:\/\/biodinamica.org.br\/loja\/wp-json\/wp\/v2\/product"}],"about":[{"href":"https:\/\/biodinamica.org.br\/loja\/wp-json\/wp\/v2\/types\/product"}],"replies":[{"embeddable":true,"href":"https:\/\/biodinamica.org.br\/loja\/wp-json\/wp\/v2\/comments?post=258"}],"wp:featuredmedia":[{"embeddable":true,"href":"https:\/\/biodinamica.org.br\/loja\/wp-json\/wp\/v2\/media\/261"}],"wp:attachment":[{"href":"https:\/\/biodinamica.org.br\/loja\/wp-json\/wp\/v2\/media?parent=258"}],"wp:term":[{"taxonomy":"product_brand","embeddable":true,"href":"https:\/\/biodinamica.org.br\/loja\/wp-json\/wp\/v2\/product_brand?post=258"},{"taxonomy":"product_cat","embeddable":true,"href":"https:\/\/biodinamica.org.br\/loja\/wp-json\/wp\/v2\/product_cat?post=258"},{"taxonomy":"product_tag","embeddable":true,"href":"https:\/\/biodinamica.org.br\/loja\/wp-json\/wp\/v2\/product_tag?post=258"}],"curies":[{"name":"wp","href":"https:\/\/api.w.org\/{rel}","templated":true}]}}