{"id":393,"date":"2025-10-17T13:42:49","date_gmt":"2025-10-17T13:42:49","guid":{"rendered":"https:\/\/biodinamica.org.br\/loja\/?post_type=product&#038;p=393"},"modified":"2026-04-11T17:52:12","modified_gmt":"2026-04-11T17:52:12","slug":"507-valeria-preparado-biodinamico","status":"publish","type":"product","link":"https:\/\/biodinamica.org.br\/loja\/product\/507-valeria-preparado-biodinamico\/","title":{"rendered":"507 Valeria &#8211; Preparado Biodin\u00e2mico"},"content":{"rendered":"<p>valeriana (507), servem como suplemento ao composto, esterco, chorume e biofertilizante,\u00a0conduzindo e organizando os processos de fermenta\u00e7\u00e3o e decomposi\u00e7\u00e3o. Por meio do composto preparado, eles colocam as plantas em uma condi\u00e7\u00e3o na qual as for\u00e7as do Cosmo sejam mais atuantes.<\/p>\n<p>O preparado 507 &#8211; \u00e9 feito a partir do extrato das flores de valeriana (Valeriana officinalis),<br \/>\neste preparado n\u00e3o \u00e9 enterrado<\/p>\n<p>&nbsp;<\/p>\n<p>Dose para 20 m2<\/p>\n","protected":false},"excerpt":{"rendered":"<p>valeriana (507), servem como suplemento ao composto, esterco, chorume e biofertilizante,\u00a0conduzindo e organizando os processos de fermenta\u00e7\u00e3o e decomposi\u00e7\u00e3o. Por meio do composto preparado, eles colocam as plantas em uma condi\u00e7\u00e3o na qual as for\u00e7as do Cosmo sejam mais atuantes.<\/p>\n<p>O preparado 507 &#8211; \u00e9 feito a partir do extrato das flores de valeriana (Valeriana officinalis),<br \/>\neste preparado n\u00e3o \u00e9 enterrado<\/p>\n<p>&nbsp;<\/p>\n<p>Dose para 20 m2 = 4 ml<\/p>\n","protected":false},"featured_media":397,"comment_status":"open","ping_status":"closed","template":"","meta":{"pagelayer_contact_templates":[],"_pagelayer_content":""},"product_brand":[18],"product_cat":[37],"product_tag":[],"class_list":{"0":"post-393","1":"product","2":"type-product","3":"status-publish","4":"has-post-thumbnail","6":"product_brand-abd","7":"product_cat-preparados-biodinamicos","9":"first","10":"instock","11":"taxable","12":"shipping-taxable","13":"purchasable","14":"product-type-simple"},"_links":{"self":[{"href":"https:\/\/biodinamica.org.br\/loja\/wp-json\/wp\/v2\/product\/393","targetHints":{"allow":["GET"]}}],"collection":[{"href":"https:\/\/biodinamica.org.br\/loja\/wp-json\/wp\/v2\/product"}],"about":[{"href":"https:\/\/biodinamica.org.br\/loja\/wp-json\/wp\/v2\/types\/product"}],"replies":[{"embeddable":true,"href":"https:\/\/biodinamica.org.br\/loja\/wp-json\/wp\/v2\/comments?post=393"}],"wp:featuredmedia":[{"embeddable":true,"href":"https:\/\/biodinamica.org.br\/loja\/wp-json\/wp\/v2\/media\/397"}],"wp:attachment":[{"href":"https:\/\/biodinamica.org.br\/loja\/wp-json\/wp\/v2\/media?parent=393"}],"wp:term":[{"taxonomy":"product_brand","embeddable":true,"href":"https:\/\/biodinamica.org.br\/loja\/wp-json\/wp\/v2\/product_brand?post=393"},{"taxonomy":"product_cat","embeddable":true,"href":"https:\/\/biodinamica.org.br\/loja\/wp-json\/wp\/v2\/product_cat?post=393"},{"taxonomy":"product_tag","embeddable":true,"href":"https:\/\/biodinamica.org.br\/loja\/wp-json\/wp\/v2\/product_tag?post=393"}],"curies":[{"name":"wp","href":"https:\/\/api.w.org\/{rel}","templated":true}]}}