{"id":428,"date":"2025-11-06T15:59:17","date_gmt":"2025-11-06T15:59:17","guid":{"rendered":"https:\/\/biodinamica.org.br\/loja\/?post_type=product&#038;p=428"},"modified":"2026-01-22T12:41:47","modified_gmt":"2026-01-22T12:41:47","slug":"kit-preparado-de-reis","status":"publish","type":"product","link":"https:\/\/biodinamica.org.br\/loja\/product\/kit-preparado-de-reis\/","title":{"rendered":"Kit Preparado de Reis"},"content":{"rendered":"<p>O preparado dos Tr\u00eas Reis\u00a0 foi criado por Hugo Erbe (1885-1965) como resultado de seu trabalho ao longo da vida como agricultor biodin\u00e2mico na Alemanha. Ele experimentou uma liga\u00e7\u00e3o muito estreita com o mundo elementar e procurou formas de incentivar as suas influ\u00eancias ben\u00e9ficas.<\/p>\n<p>Ap\u00f3s o bombardeio nuclear de Hiroshima e Nagasaki em 1945, ele observou uma enorme perturba\u00e7\u00e3o e fuga de seres elementais ben\u00e9ficos da terra.\u00a0Ele relacionou esta ferida profunda \u00e0 vida da Terra como um processo pelo qual os elementais estavam sendo perturbados.\u00a0Para ajudar a curar os danos causados ao organismo da terra e trazer de volta os elementais em equil\u00edbrio, ele desenvolveu uma prepara\u00e7\u00e3o dos presentes dos tr\u00eas reis magos.<\/p>\n<p>Os dons preciosos trazidos pelos tr\u00eas reis do Oriente para apresentar ao menino Jesus foram: Ouro (s\u00edmbolo para sabedoria terrena), Incenso (oferenda devocional aos Deuses) e Mirra (s\u00edmbolo da vit\u00f3ria da vida sobre a morte).<\/p>\n<p>A antiga sabedoria de mist\u00e9rios sempre teve estas tr\u00eas subst\u00e2ncias como s\u00edmbolos de consci\u00eancia espiritual para os eventos que ocorrem de maneira oculta e suprassens\u00edvel aos fen\u00f4menos f\u00edsicos exteriores.\u00a0Quando preparada da maneira correta estas tr\u00eas subst\u00e2ncias sagradas tamb\u00e9m podem servir como presentes para a terra e para o mundo Elemental.<\/p>\n<p>No Bairro Dem\u00e9tria em Botucatu, onde fica a ABD, h\u00e1 mais de 20 anos temos realizado essa oferenda, e ao longo do tempo observando e adaptando as formas de fazer, e no momento atual temos feito da seguinte forma, conciliando com as 12 Noites Santas.<\/p>\n<p>Subst\u00e2ncias:<\/p>\n<p>Ouro \u2013 Aurum metallicum D8 (solu\u00e7\u00e3o glicerinada),<\/p>\n<p>Resina de Incenso \u2013 Olibano \u2013 <em>Boswellia Papyrifera<\/em><\/p>\n<p>Resina de Mirra \u2013 <em>Commiphora myrrha<\/em><\/p>\n<p>(\u00c1gua)<\/p>\n<p>&nbsp;<\/p>\n<p>&nbsp;<\/p>\n<p>&nbsp;<\/p>\n<p><strong><u>Noite\/Tarde do dia de Natal (Dia 25 de Dezembro &#8211; Primeira Noite Santa)<\/u><\/strong><\/p>\n<p>Coloque iguais quantidades de incenso e mirra num almofariz de porcelana ou outro material n\u00e3o met\u00e1lico e \u2018dinamize-os\u2019 por uma hora usando o pil\u00e3o. Depois de mais ou menos meia hora as duas subst\u00e2ncias ter\u00e3o adquirido uma consist\u00eancia de p\u00f3. Anteriormente hav\u00edamos recomendado colocar todas as tr\u00eas subst\u00e2ncias juntas no almofariz. O calor gerado pela fric\u00e7\u00e3o ao dinamizar as subst\u00e2ncias pode entretanto fazer com que forme uma bola e que fique grudenta. Por isso colocamos, ent\u00e3o, o Ouro ap\u00f3s meia hora de dinamiza\u00e7\u00e3o. \u00a0Tamb\u00e9m n\u00e3o h\u00e1 necessidade de dinamizar o ouro da mesma forma, pois ele j\u00e1 est\u00e1 preparado e dinamizado em solu\u00e7\u00e3o D8, e nesse caso j\u00e1 est\u00e1 uma solu\u00e7\u00e3o glicerinada, feita pela Farm\u00e1cia Antropos\u00f3fica Sirimim.<\/p>\n<p>Ao final do processo de dinamiza\u00e7\u00e3o, se os materiais no almofariz ainda ficam muito grudados ao almofariz, acrescente \u00e1gua quente \u00e0 mistura nos 5 minutos restantes. (<strong><u>Para uma mistura contendo 10g de cada, incenso e mirra, 10 ml de ouro, adicione 25ml de \u00e1gua<\/u><\/strong>). Isto far\u00e1 com que se crie uma emuls\u00e3o ou pasta grossa a qual ent\u00e3o pode ser guardada (por muitos anos, se necess\u00e1rio) num recipiente n\u00e3o met\u00e1lico sem ar e mantido num lugar fresco, seco e escuro. Tornar-se-\u00e1 bem s\u00f3lido quando secar por\u00e9m manter\u00e1 sua efetividade. Quando aquecidas em banho-maria as resinas da mistura tornar-se-\u00e3o l\u00edquidas novamente.<\/p>\n<p>Em alguns locais esse procedimento \u00e9 Noite de Ano Novo durante as horas da meia noite, de 23:30hs a 0:30hs. Pode fazer parte de um evento social e festivo e o aroma fino e doce exsudado d\u00e1 um toque especial para a noite.<\/p>\n<p>Aqui no Bairro Dem\u00e9tria temos feito, no \u00a0fim da tarde no dia de Natal, dia 25 de dezembro, quando se inicia o per\u00edodo das 12 Noites Santas. \u00c9 o assim denominado per\u00edodo que vai da noite de Natal (dia 25 de dezembro) at\u00e9 a noite anterior ao dia dos Reis (5 de janeiro), quando, segundo a antiga tradi\u00e7\u00e3o crist\u00e3,\u00a0 ben\u00e7\u00e3os divinas se derramam sobre n\u00f3s atrav\u00e9s dos portais das 12 constela\u00e7\u00f5es do Zod\u00edaco, o cintur\u00e3o de estrelas em volta do espa\u00e7o c\u00f3smico no qual existimos. As 12 badaladas da meia noite do Natal anunciam a vig\u00edlia que \u00e9 um preparo espiritual, como se as Noites Santas fossem uma pr\u00e9via dos 12 meses do ano que se inicia. As virtudes recebidas das hierarquias espirituais nesta \u00e9poca, atrav\u00e9s da medita\u00e7\u00e3o, injetam suas for\u00e7as no nosso desenvolvimento espiritual ao longo do novo ano. (<a href=\"http:\/\/www.festascristas.com.br\/12-noites-santas\/12-noites-santas-textos-diversos\/483-as-doze-noites-santas-edna-andrade\">http:\/\/www.festascristas.com.br\/12-noites-santas\/12-noites-santas-textos-diversos\/483-as-doze-noites-santas-edna-andrade<\/a>)<\/p>\n<p><strong><u>\u00a0<\/u><\/strong><\/p>\n<p><strong><u>Dia de Reis (6 de janeiro)<\/u><\/strong><\/p>\n<p>Tome metade da pasta preparada e dissolva numa pequena quantidade de \u00e1gua aquecida e depois mistura ao restante. Pode ser previamente necess\u00e1rio amolecer um pouco o material no recipiente onde foi armazenado, aquecendo-o em banho-maria a at\u00e9 uns 60\u00b0C. Mexa e dissolva a pasta em mais ou menos 80 litros de \u00e1gua de fonte ou da chuva (a fonte deveria estar exposta ao sol) para ficar aquecida.<\/p>\n<p>Deveria ser usado um recipiente n\u00e3o met\u00e1lico e preferencialmente de madeira para a dinamiza\u00e7\u00e3o, a qual recomenda-se fazer por uma hora, como usado para os preparados biodin\u00e2micos de Chifre Esterco e Chifre S\u00edlica.<\/p>\n<p>Agite vigorosamente em uma dire\u00e7\u00e3o at\u00e9 formar um v\u00f3rtice no l\u00edquido em rota\u00e7\u00e3o e ent\u00e3o reverta o movimento at\u00e9 que novo v\u00f3rtice se forme, e assim por diante, e v\u00e1 mudando de dire\u00e7\u00e3o. Repete-se o processo ritmicamente ao longo uma hora, tempo durante o qual um delicado aroma ser\u00e1 percept\u00edvel. A dinamiza\u00e7\u00e3o tamb\u00e9m pode ser feita usando a m\u00e3o em baldes individuais. \u00c9 importante que a dinamiza\u00e7\u00e3o ocorra durante a tarde, quando a terra est\u00e1 inspirando. Deve-se contar o tempo necess\u00e1rio para a aplica\u00e7\u00e3o acontecer antes que escure\u00e7a.<\/p>\n<p>Quando a dinamiza\u00e7\u00e3o terminar o l\u00edquido preparado pode ser levado em baldes e aplicado por bomba ou com algo que fa\u00e7a com que caia ao ch\u00e3o em got\u00edculas (uma pequena \u2018vassourinha\u2019 feita com galhinhos de arbustos ou \u00e1rvores \u00e9 o ideal).<\/p>\n<p>Em geral \u00e9 aplicado ao longo dos limites da fazenda, ou horta, ou vila, ou bairro, e \u00e9 aplicado a intervalos de mais ou menos 5 metros. A dire\u00e7\u00e3o da aplica\u00e7\u00e3o \u00e9 para fora do limite recebendo a aplica\u00e7\u00e3o. Este m\u00e9todo de aplica\u00e7\u00e3o ajuda a cultivar e a chamar as influ\u00eancias ben\u00e9ficas para os arredores e criar uma esp\u00e9cie de alian\u00e7a circundante na periferia da \u00e1rea aplicada.<\/p>\n<p>Outros m\u00e9todos de aplica\u00e7\u00e3o podem ser usados tamb\u00e9m, os quais, ao inv\u00e9s de tentar excluir influ\u00eancias negativas, d\u00e3o uma \u00eanfase maior na qualidade de oferenda. A aplica\u00e7\u00e3o pode, por exemplo, seguir um caminho atrav\u00e9s, em vez de em torno do local, por exemplo fazendo um espiral da periferia para o centro da \u00e1rea, e serve para harmonizar influ\u00eancias elementares do local.<\/p>\n<p>Importante tamb\u00e9m termos a consci\u00eancia no momento em que estamos fazendo esse ato, muitas pessoas no planeta est\u00e3o conosco, \u00e9 bom mentalizar toda essa oferenda a M\u00e3e Terra, e que ajude a superarmos as dificuldades em que estamos passando nesse momento como a pandemia e a crise clim\u00e1tica.<\/p>\n<p>Estamos muito interessados em ouvir quaisquer experi\u00eancias especiais havidas no uso deste Preparado e se quaisquer efeitos foram sentidos ap\u00f3s sua aplica\u00e7\u00e3o.<\/p>\n<p>Boa dinamiza\u00e7\u00e3o e\u00a0 boa oferenda, seguimos juntos pela cura da Terra.<\/p>\n<p>Para mais informa\u00e7\u00f5es, ver tamb\u00e9m: <a href=\"https:\/\/biodinamica.org.br\/abd\/8\/9?start=5\">https:\/\/biodinamica.org.br\/abd\/8\/9?start=5<\/a><\/p>\n<p>&nbsp;<\/p>\n","protected":false},"excerpt":{"rendered":"<p>O preparado dos Tr\u00eas Reis\u00a0 foi criado por Hugo Erbe (1885-1965) como resultado de seu trabalho ao longo da vida como agricultor biodin\u00e2mico na Alemanha. Ele experimentou uma liga\u00e7\u00e3o muito estreita com o mundo elementar e procurou formas de incentivar as suas influ\u00eancias ben\u00e9ficas.<\/p>\n<p>Ap\u00f3s o bombardeio nuclear de Hiroshima e Nagasaki em 1945, ele observou uma enorme perturba\u00e7\u00e3o e fuga de seres elementais ben\u00e9ficos da terra.\u00a0Ele relacionou esta ferida profunda \u00e0 vida da Terra como um processo pelo qual os elementais estavam sendo perturbados.\u00a0Para ajudar a curar os danos causados ao organismo da terra e trazer de volta os elementais em equil\u00edbrio, ele desenvolveu uma prepara\u00e7\u00e3o dos presentes dos tr\u00eas reis magos.<\/p>\n<p>Os dons preciosos trazidos pelos tr\u00eas reis do Oriente para apresentar ao menino Jesus foram: Ouro (s\u00edmbolo para sabedoria terrena), Incenso (oferenda devocional aos Deuses) e Mirra (s\u00edmbolo da vit\u00f3ria da vida sobre a morte).<\/p>\n<p>A antiga sabedoria de mist\u00e9rios sempre teve estas tr\u00eas subst\u00e2ncias como s\u00edmbolos de consci\u00eancia espiritual para os eventos que ocorrem de maneira oculta e suprassens\u00edvel aos fen\u00f4menos f\u00edsicos exteriores.\u00a0Quando preparada da maneira correta estas tr\u00eas subst\u00e2ncias sagradas tamb\u00e9m podem servir como presentes para a terra e para o mundo Elemental.<\/p>\n<p>No Bairro Dem\u00e9tria em Botucatu, onde fica a ABD, h\u00e1 mais de 20 anos temos realizado essa oferenda, e ao longo do tempo observando e adaptando as formas de fazer, e no momento atual temos feito da seguinte forma, conciliando com as 12 Noites Santas.<\/p>\n<p>Subst\u00e2ncias:<\/p>\n<p>Ouro \u2013 Aurum metallicum D8 (solu\u00e7\u00e3o glicerinada),<\/p>\n<p>Resina de Incenso \u2013 Olibano \u2013 <em>Boswellia Papyrifera<\/em><\/p>\n<p>Resina de Mirra \u2013 <em>Commiphora myrrha<\/em><\/p>\n<p>(\u00c1gua)<\/p>\n<p>&nbsp;<\/p>\n<p>&nbsp;<\/p>\n<p>&nbsp;<\/p>\n<p><strong><u>Noite\/Tarde do dia de Natal (Dia 25 de Dezembro &#8211; Primeira Noite Santa)<\/u><\/strong><\/p>\n<p>Coloque iguais quantidades de incenso e mirra num almofariz de porcelana ou outro material n\u00e3o met\u00e1lico e \u2018dinamize-os\u2019 por uma hora usando o pil\u00e3o. Depois de mais ou menos meia hora as duas subst\u00e2ncias ter\u00e3o adquirido uma consist\u00eancia de p\u00f3. Anteriormente hav\u00edamos recomendado colocar todas as tr\u00eas subst\u00e2ncias juntas no almofariz. O calor gerado pela fric\u00e7\u00e3o ao dinamizar as subst\u00e2ncias pode entretanto fazer com que forme uma bola e que fique grudenta. Por isso colocamos, ent\u00e3o, o Ouro ap\u00f3s meia hora de dinamiza\u00e7\u00e3o. \u00a0Tamb\u00e9m n\u00e3o h\u00e1 necessidade de dinamizar o ouro da mesma forma, pois ele j\u00e1 est\u00e1 preparado e dinamizado em solu\u00e7\u00e3o D8, e nesse caso j\u00e1 est\u00e1 uma solu\u00e7\u00e3o glicerinada, feita pela Farm\u00e1cia Antropos\u00f3fica Sirimim.<\/p>\n<p>Ao final do processo de dinamiza\u00e7\u00e3o, se os materiais no almofariz ainda ficam muito grudados ao almofariz, acrescente \u00e1gua quente \u00e0 mistura nos 5 minutos restantes. (<strong><u>Para uma mistura contendo 10g de cada, incenso e mirra, 10 ml de ouro, adicione 25ml de \u00e1gua<\/u><\/strong>). Isto far\u00e1 com que se crie uma emuls\u00e3o ou pasta grossa a qual ent\u00e3o pode ser guardada (por muitos anos, se necess\u00e1rio) num recipiente n\u00e3o met\u00e1lico sem ar e mantido num lugar fresco, seco e escuro. Tornar-se-\u00e1 bem s\u00f3lido quando secar por\u00e9m manter\u00e1 sua efetividade. Quando aquecidas em banho-maria as resinas da mistura tornar-se-\u00e3o l\u00edquidas novamente.<\/p>\n<p>Em alguns locais esse procedimento \u00e9 Noite de Ano Novo durante as horas da meia noite, de 23:30hs a 0:30hs. Pode fazer parte de um evento social e festivo e o aroma fino e doce exsudado d\u00e1 um toque especial para a noite.<\/p>\n<p>Aqui no Bairro Dem\u00e9tria temos feito, no \u00a0fim da tarde no dia de Natal, dia 25 de dezembro, quando se inicia o per\u00edodo das 12 Noites Santas. \u00c9 o assim denominado per\u00edodo que vai da noite de Natal (dia 25 de dezembro) at\u00e9 a noite anterior ao dia dos Reis (5 de janeiro), quando, segundo a antiga tradi\u00e7\u00e3o crist\u00e3,\u00a0 ben\u00e7\u00e3os divinas se derramam sobre n\u00f3s atrav\u00e9s dos portais das 12 constela\u00e7\u00f5es do Zod\u00edaco, o cintur\u00e3o de estrelas em volta do espa\u00e7o c\u00f3smico no qual existimos. As 12 badaladas da meia noite do Natal anunciam a vig\u00edlia que \u00e9 um preparo espiritual, como se as Noites Santas fossem uma pr\u00e9via dos 12 meses do ano que se inicia. As virtudes recebidas das hierarquias espirituais nesta \u00e9poca, atrav\u00e9s da medita\u00e7\u00e3o, injetam suas for\u00e7as no nosso desenvolvimento espiritual ao longo do novo ano. (<a href=\"http:\/\/www.festascristas.com.br\/12-noites-santas\/12-noites-santas-textos-diversos\/483-as-doze-noites-santas-edna-andrade\">http:\/\/www.festascristas.com.br\/12-noites-santas\/12-noites-santas-textos-diversos\/483-as-doze-noites-santas-edna-andrade<\/a>)<\/p>\n<p><strong><u>\u00a0<\/u><\/strong><\/p>\n<p><strong><u>Dia de Reis (6 de janeiro)<\/u><\/strong><\/p>\n<p>Tome metade da pasta preparada e dissolva numa pequena quantidade de \u00e1gua aquecida e depois mistura ao restante. Pode ser previamente necess\u00e1rio amolecer um pouco o material no recipiente onde foi armazenado, aquecendo-o em banho-maria a at\u00e9 uns 60\u00b0C. Mexa e dissolva a pasta em mais ou menos 80 litros de \u00e1gua de fonte ou da chuva (a fonte deveria estar exposta ao sol) para ficar aquecida.<\/p>\n<p>Deveria ser usado um recipiente n\u00e3o met\u00e1lico e preferencialmente de madeira para a dinamiza\u00e7\u00e3o, a qual recomenda-se fazer por uma hora, como usado para os preparados biodin\u00e2micos de Chifre Esterco e Chifre S\u00edlica.<\/p>\n<p>Agite vigorosamente em uma dire\u00e7\u00e3o at\u00e9 formar um v\u00f3rtice no l\u00edquido em rota\u00e7\u00e3o e ent\u00e3o reverta o movimento at\u00e9 que novo v\u00f3rtice se forme, e assim por diante, e v\u00e1 mudando de dire\u00e7\u00e3o. Repete-se o processo ritmicamente ao longo uma hora, tempo durante o qual um delicado aroma ser\u00e1 percept\u00edvel. A dinamiza\u00e7\u00e3o tamb\u00e9m pode ser feita usando a m\u00e3o em baldes individuais. \u00c9 importante que a dinamiza\u00e7\u00e3o ocorra durante a tarde, quando a terra est\u00e1 inspirando. Deve-se contar o tempo necess\u00e1rio para a aplica\u00e7\u00e3o acontecer antes que escure\u00e7a.<\/p>\n<p>Quando a dinamiza\u00e7\u00e3o terminar o l\u00edquido preparado pode ser levado em baldes e aplicado por bomba ou com algo que fa\u00e7a com que caia ao ch\u00e3o em got\u00edculas (uma pequena \u2018vassourinha\u2019 feita com galhinhos de arbustos ou \u00e1rvores \u00e9 o ideal).<\/p>\n<p>Em geral \u00e9 aplicado ao longo dos limites da fazenda, ou horta, ou vila, ou bairro, e \u00e9 aplicado a intervalos de mais ou menos 5 metros. A dire\u00e7\u00e3o da aplica\u00e7\u00e3o \u00e9 para fora do limite recebendo a aplica\u00e7\u00e3o. Este m\u00e9todo de aplica\u00e7\u00e3o ajuda a cultivar e a chamar as influ\u00eancias ben\u00e9ficas para os arredores e criar uma esp\u00e9cie de alian\u00e7a circundante na periferia da \u00e1rea aplicada.<\/p>\n<p>Outros m\u00e9todos de aplica\u00e7\u00e3o podem ser usados tamb\u00e9m, os quais, ao inv\u00e9s de tentar excluir influ\u00eancias negativas, d\u00e3o uma \u00eanfase maior na qualidade de oferenda. A aplica\u00e7\u00e3o pode, por exemplo, seguir um caminho atrav\u00e9s, em vez de em torno do local, por exemplo fazendo um espiral da periferia para o centro da \u00e1rea, e serve para harmonizar influ\u00eancias elementares do local.<\/p>\n<p>Importante tamb\u00e9m termos a consci\u00eancia no momento em que estamos fazendo esse ato, muitas pessoas no planeta est\u00e3o conosco, \u00e9 bom mentalizar toda essa oferenda a M\u00e3e Terra, e que ajude a superarmos as dificuldades em que estamos passando nesse momento como a pandemia e a crise clim\u00e1tica.<\/p>\n<p>Estamos muito interessados em ouvir quaisquer experi\u00eancias especiais havidas no uso deste Preparado e se quaisquer efeitos foram sentidos ap\u00f3s sua aplica\u00e7\u00e3o.<\/p>\n<p>Boa dinamiza\u00e7\u00e3o e\u00a0 boa oferenda, seguimos juntos pela cura da Terra.<\/p>\n<p>Para mais informa\u00e7\u00f5es, ver tamb\u00e9m: <a href=\"https:\/\/biodinamica.org.br\/abd\/8\/9?start=5\">https:\/\/biodinamica.org.br\/abd\/8\/9?start=5<\/a><\/p>\n","protected":false},"featured_media":431,"comment_status":"open","ping_status":"closed","template":"","meta":{"pagelayer_contact_templates":[],"_pagelayer_content":""},"product_brand":[18],"product_cat":[37],"product_tag":[],"class_list":{"0":"post-428","1":"product","2":"type-product","3":"status-publish","4":"has-post-thumbnail","6":"product_brand-abd","7":"product_cat-preparados-biodinamicos","9":"first","10":"instock","11":"taxable","12":"shipping-taxable","13":"purchasable","14":"product-type-simple"},"_links":{"self":[{"href":"https:\/\/biodinamica.org.br\/loja\/wp-json\/wp\/v2\/product\/428","targetHints":{"allow":["GET"]}}],"collection":[{"href":"https:\/\/biodinamica.org.br\/loja\/wp-json\/wp\/v2\/product"}],"about":[{"href":"https:\/\/biodinamica.org.br\/loja\/wp-json\/wp\/v2\/types\/product"}],"replies":[{"embeddable":true,"href":"https:\/\/biodinamica.org.br\/loja\/wp-json\/wp\/v2\/comments?post=428"}],"wp:featuredmedia":[{"embeddable":true,"href":"https:\/\/biodinamica.org.br\/loja\/wp-json\/wp\/v2\/media\/431"}],"wp:attachment":[{"href":"https:\/\/biodinamica.org.br\/loja\/wp-json\/wp\/v2\/media?parent=428"}],"wp:term":[{"taxonomy":"product_brand","embeddable":true,"href":"https:\/\/biodinamica.org.br\/loja\/wp-json\/wp\/v2\/product_brand?post=428"},{"taxonomy":"product_cat","embeddable":true,"href":"https:\/\/biodinamica.org.br\/loja\/wp-json\/wp\/v2\/product_cat?post=428"},{"taxonomy":"product_tag","embeddable":true,"href":"https:\/\/biodinamica.org.br\/loja\/wp-json\/wp\/v2\/product_tag?post=428"}],"curies":[{"name":"wp","href":"https:\/\/api.w.org\/{rel}","templated":true}]}}