{"id":81,"date":"2025-10-15T12:57:05","date_gmt":"2025-10-15T12:57:05","guid":{"rendered":"https:\/\/biodinamica.org.br\/loja\/?post_type=product&#038;p=81"},"modified":"2025-11-17T17:31:26","modified_gmt":"2025-11-17T17:31:26","slug":"calendario-biodnamico","status":"publish","type":"product","link":"https:\/\/biodinamica.org.br\/loja\/product\/calendario-biodnamico\/","title":{"rendered":"Calend\u00e1rio Biodin\u00e2mico 2025"},"content":{"rendered":"<h2 class=\"u-align-left u-text u-text-default u-text-1\">Calend\u00e1rio Biodin\u00e2mico<\/h2>\n<p class=\"u-align-justify u-custom-font u-font-montserrat u-text u-text-2\">\u00a0\ud83c\udf31 O Calend\u00e1rio Agr\u00edcola Biodin\u00e2mico: Um Guia em Harmonia com a Natureza<\/p>\n<p>Este \u00e9 o calend\u00e1rio mais utilizado no movimento da agricultura biodin\u00e2mica. Ele revela um caminho fascinante de descobertas no universo din\u00e2mico e vivo da agricultura feita em sintonia com os ritmos da natureza.<\/p>\n<p>\ud83c\udf13 A Sabedoria dos Ciclos Lunares<br \/>\nQuem convive com agricultores tradicionais sabe: muitos relatam, com convic\u00e7\u00e3o, a influ\u00eancia da Lua nos momentos de plantio, poda, colheita e outros manejos. As fases da Lua s\u00e3o o aspecto mais vis\u00edvel dessa rela\u00e7\u00e3o, observada h\u00e1 gera\u00e7\u00f5es no campo.<\/p>\n<p>\ud83c\udf0c A Tradi\u00e7\u00e3o Ancestral dos Povos Ind\u00edgenas<br \/>\nEm muitas culturas ind\u00edgenas, o c\u00e9u sempre foi um guia. Com base em observa\u00e7\u00f5es apuradas dos astros, esses povos desenvolveram saberes profundos sobre os melhores momentos para interagir com a terra.<\/p>\n<figure id=\"attachment_84\" aria-describedby=\"caption-attachment-84\" style=\"width: 212px\" class=\"wp-caption alignnone\"><img fetchpriority=\"high\" decoding=\"async\" class=\"size-medium wp-image-84\" src=\"https:\/\/biodinamica.org.br\/loja\/wp-content\/uploads\/2025\/10\/CALENDARIO-2025-loja-212x300.png\" alt=\"\ud83c\udf31 O Calend\u00e1rio Agr\u00edcola Biodin\u00e2mico: Um Guia em Harmonia com a Natureza\" width=\"212\" height=\"300\" srcset=\"https:\/\/biodinamica.org.br\/loja\/wp-content\/uploads\/2025\/10\/CALENDARIO-2025-loja-212x300.png 212w, https:\/\/biodinamica.org.br\/loja\/wp-content\/uploads\/2025\/10\/CALENDARIO-2025-loja-500x707.png 500w, https:\/\/biodinamica.org.br\/loja\/wp-content\/uploads\/2025\/10\/CALENDARIO-2025-loja-724x1024.png 724w, https:\/\/biodinamica.org.br\/loja\/wp-content\/uploads\/2025\/10\/CALENDARIO-2025-loja-768x1087.png 768w, https:\/\/biodinamica.org.br\/loja\/wp-content\/uploads\/2025\/10\/CALENDARIO-2025-loja-1086x1536.png 1086w, https:\/\/biodinamica.org.br\/loja\/wp-content\/uploads\/2025\/10\/CALENDARIO-2025-loja-1140x1613.png 1140w, https:\/\/biodinamica.org.br\/loja\/wp-content\/uploads\/2025\/10\/CALENDARIO-2025-loja-920x1302.png 920w, https:\/\/biodinamica.org.br\/loja\/wp-content\/uploads\/2025\/10\/CALENDARIO-2025-loja-575x814.png 575w, https:\/\/biodinamica.org.br\/loja\/wp-content\/uploads\/2025\/10\/CALENDARIO-2025-loja-380x538.png 380w, https:\/\/biodinamica.org.br\/loja\/wp-content\/uploads\/2025\/10\/CALENDARIO-2025-loja.png 1357w\" sizes=\"(max-width: 212px) 100vw, 212px\" \/><figcaption id=\"caption-attachment-84\" class=\"wp-caption-text\">\ud83c\udf31 O Calend\u00e1rio Agr\u00edcola Biodin\u00e2mico: Um Guia em Harmonia com a Natureza<\/figcaption><\/figure>\n","protected":false},"excerpt":{"rendered":"[caption id=\"attachment_84\" align=\"alignnone\" width=\"212\"]<img fetchpriority=\"high\" decoding=\"async\" class=\"size-medium wp-image-84\" src=\"https:\/\/biodinamica.org.br\/loja\/wp-content\/uploads\/2025\/10\/CALENDARIO-2025-loja-212x300.png\" alt=\"\ud83c\udf31 O Calend\u00e1rio Agr\u00edcola Biodin\u00e2mico: Um Guia em Harmonia com a Natureza\" width=\"212\" height=\"300\" srcset=\"https:\/\/biodinamica.org.br\/loja\/wp-content\/uploads\/2025\/10\/CALENDARIO-2025-loja-212x300.png 212w, https:\/\/biodinamica.org.br\/loja\/wp-content\/uploads\/2025\/10\/CALENDARIO-2025-loja-500x707.png 500w, https:\/\/biodinamica.org.br\/loja\/wp-content\/uploads\/2025\/10\/CALENDARIO-2025-loja-724x1024.png 724w, https:\/\/biodinamica.org.br\/loja\/wp-content\/uploads\/2025\/10\/CALENDARIO-2025-loja-768x1087.png 768w, https:\/\/biodinamica.org.br\/loja\/wp-content\/uploads\/2025\/10\/CALENDARIO-2025-loja-1086x1536.png 1086w, https:\/\/biodinamica.org.br\/loja\/wp-content\/uploads\/2025\/10\/CALENDARIO-2025-loja-1140x1613.png 1140w, https:\/\/biodinamica.org.br\/loja\/wp-content\/uploads\/2025\/10\/CALENDARIO-2025-loja-920x1302.png 920w, https:\/\/biodinamica.org.br\/loja\/wp-content\/uploads\/2025\/10\/CALENDARIO-2025-loja-575x814.png 575w, https:\/\/biodinamica.org.br\/loja\/wp-content\/uploads\/2025\/10\/CALENDARIO-2025-loja-380x538.png 380w, https:\/\/biodinamica.org.br\/loja\/wp-content\/uploads\/2025\/10\/CALENDARIO-2025-loja.png 1357w\" sizes=\"(max-width: 212px) 100vw, 212px\" \/> \ud83c\udf31 O Calend\u00e1rio Agr\u00edcola Biodin\u00e2mico: Um Guia em Harmonia com a Natureza[\/caption]\n","protected":false},"featured_media":84,"comment_status":"open","ping_status":"closed","template":"","meta":{"pagelayer_contact_templates":[],"_pagelayer_content":""},"product_brand":[18],"product_cat":[17],"product_tag":[19],"class_list":{"0":"post-81","1":"product","2":"type-product","3":"status-publish","4":"has-post-thumbnail","6":"product_brand-abd","7":"product_cat-calendario-biodinamico","8":"product_tag-calendario-biodinamico","10":"first","11":"instock","12":"sale","13":"taxable","14":"shipping-taxable","15":"purchasable","16":"product-type-simple"},"_links":{"self":[{"href":"https:\/\/biodinamica.org.br\/loja\/wp-json\/wp\/v2\/product\/81","targetHints":{"allow":["GET"]}}],"collection":[{"href":"https:\/\/biodinamica.org.br\/loja\/wp-json\/wp\/v2\/product"}],"about":[{"href":"https:\/\/biodinamica.org.br\/loja\/wp-json\/wp\/v2\/types\/product"}],"replies":[{"embeddable":true,"href":"https:\/\/biodinamica.org.br\/loja\/wp-json\/wp\/v2\/comments?post=81"}],"wp:featuredmedia":[{"embeddable":true,"href":"https:\/\/biodinamica.org.br\/loja\/wp-json\/wp\/v2\/media\/84"}],"wp:attachment":[{"href":"https:\/\/biodinamica.org.br\/loja\/wp-json\/wp\/v2\/media?parent=81"}],"wp:term":[{"taxonomy":"product_brand","embeddable":true,"href":"https:\/\/biodinamica.org.br\/loja\/wp-json\/wp\/v2\/product_brand?post=81"},{"taxonomy":"product_cat","embeddable":true,"href":"https:\/\/biodinamica.org.br\/loja\/wp-json\/wp\/v2\/product_cat?post=81"},{"taxonomy":"product_tag","embeddable":true,"href":"https:\/\/biodinamica.org.br\/loja\/wp-json\/wp\/v2\/product_tag?post=81"}],"curies":[{"name":"wp","href":"https:\/\/api.w.org\/{rel}","templated":true}]}}