{"id":99,"date":"2025-10-15T14:15:42","date_gmt":"2025-10-15T14:15:42","guid":{"rendered":"https:\/\/biodinamica.org.br\/loja\/?post_type=product&#038;p=99"},"modified":"2026-03-23T23:15:14","modified_gmt":"2026-03-23T23:15:14","slug":"fundamentos-da-agricultura-biodinamica-rudolf-steiner","status":"publish","type":"product","link":"https:\/\/biodinamica.org.br\/loja\/product\/fundamentos-da-agricultura-biodinamica-rudolf-steiner\/","title":{"rendered":"FUNDAMENTOS DA AGRICULTURA BIODIN\u00c2MICA &#8211; Rudolf Steiner"},"content":{"rendered":"<p>Vida nova para a terra&#8221;<\/p>\n<p>Rudolf Steiner lan\u00e7ou em 1924, junto a um grupo de agricultores reunidos em Koberwitz\/Breslau, Alemanha, os fundamentos de uma pr\u00e1tica agr\u00edcola que viria a resgatar aspectos insuspeitados pela modernidade j\u00e1 ent\u00e3o vigente: as influ\u00eancias c\u00f3smicas no crescimento vegetal, na nutri\u00e7\u00e3o animal e nas cores florais; a aduba\u00e7\u00e3o com elementos org\u00e2nicos e minerais locais; o equil\u00edbrio vital entre a lavoura e a zootecnia; o papel e o trato biol\u00f3gico das pragas vegetais e animais; etc.<\/p>\n<p>Eis, portanto, algumas das propostas deste livro para uma pr\u00e1tica agr\u00edcola realmente renovadora, fundamentada numa sabedoria ancestral e profundamente ecol\u00f3gica.<\/p>\n","protected":false},"excerpt":{"rendered":"<p>Vida nova para a terra. As influ\u00eancias c\u00f3smicas no crescimento vegetal, na nutri\u00e7\u00e3o animal e nas cores florais, o combate \u00e0s pragas da lavoura com a pr\u00f3pria subst\u00e2ncia das plantas.<\/p>\n","protected":false},"featured_media":168,"comment_status":"open","ping_status":"closed","template":"","meta":{"pagelayer_contact_templates":[],"_pagelayer_content":""},"product_brand":[],"product_cat":[36],"product_tag":[],"class_list":{"0":"post-99","1":"product","2":"type-product","3":"status-publish","4":"has-post-thumbnail","6":"product_cat-publicacoes","8":"first","9":"instock","10":"taxable","11":"shipping-taxable","12":"purchasable","13":"product-type-simple"},"_links":{"self":[{"href":"https:\/\/biodinamica.org.br\/loja\/wp-json\/wp\/v2\/product\/99","targetHints":{"allow":["GET"]}}],"collection":[{"href":"https:\/\/biodinamica.org.br\/loja\/wp-json\/wp\/v2\/product"}],"about":[{"href":"https:\/\/biodinamica.org.br\/loja\/wp-json\/wp\/v2\/types\/product"}],"replies":[{"embeddable":true,"href":"https:\/\/biodinamica.org.br\/loja\/wp-json\/wp\/v2\/comments?post=99"}],"wp:featuredmedia":[{"embeddable":true,"href":"https:\/\/biodinamica.org.br\/loja\/wp-json\/wp\/v2\/media\/168"}],"wp:attachment":[{"href":"https:\/\/biodinamica.org.br\/loja\/wp-json\/wp\/v2\/media?parent=99"}],"wp:term":[{"taxonomy":"product_brand","embeddable":true,"href":"https:\/\/biodinamica.org.br\/loja\/wp-json\/wp\/v2\/product_brand?post=99"},{"taxonomy":"product_cat","embeddable":true,"href":"https:\/\/biodinamica.org.br\/loja\/wp-json\/wp\/v2\/product_cat?post=99"},{"taxonomy":"product_tag","embeddable":true,"href":"https:\/\/biodinamica.org.br\/loja\/wp-json\/wp\/v2\/product_tag?post=99"}],"curies":[{"name":"wp","href":"https:\/\/api.w.org\/{rel}","templated":true}]}}